{"id":1879,"date":"2017-06-10T08:21:56","date_gmt":"2017-06-10T03:51:56","guid":{"rendered":"https:\/\/leishg.com\/startseite\/"},"modified":"2023-09-08T18:18:52","modified_gmt":"2023-09-08T14:48:52","slug":"startseite","status":"publish","type":"page","link":"https:\/\/leishg.com\/de\/","title":{"rendered":"Startseite"},"content":{"rendered":"\t\t<div data-elementor-type=\"wp-page\" data-elementor-id=\"1879\" class=\"elementor elementor-1879 elementor-761\">\n\t\t\t\t\t\t<section class=\"elementor-section elementor-top-section elementor-element elementor-element-4f2325c elementor-section-stretched elementor-section-boxed elementor-section-height-default elementor-section-height-default\" data-id=\"4f2325c\" data-element_type=\"section\" data-e-type=\"section\" data-settings=\"{&quot;stretch_section&quot;:&quot;section-stretched&quot;,&quot;background_background&quot;:&quot;classic&quot;}\">\n\t\t\t\t\t\t<div class=\"elementor-container elementor-column-gap-default\">\n\t\t\t\t\t<div class=\"elementor-column elementor-col-50 elementor-top-column elementor-element elementor-element-2d24be5\" data-id=\"2d24be5\" data-element_type=\"column\" data-e-type=\"column\">\n\t\t\t<div class=\"elementor-widget-wrap elementor-element-populated\">\n\t\t\t\t\t\t<div class=\"elementor-element elementor-element-10e0eb9 elementor-widget elementor-widget-cz_title\" data-id=\"10e0eb9\" data-element_type=\"widget\" data-e-type=\"widget\" data-widget_type=\"cz_title.default\">\n\t\t\t\t<div class=\"elementor-widget-container\">\n\t\t\t\t\t\t\r\n\t\t<div>\r\n\t\t\t<div class=\"cz_title clr cz_smart_fs cz_mobile_text_center cz_title_pos_right\"><div class=\"cz_title_content\"><div class=\"cz_wpe_content\"><h2 style=\"text-align: left;\"><span style=\"color: #225170;\">Direkte antiparasit\u00e4re <span style=\"font-weight: 200;\">Effekte<\/span><br \/><\/span><\/h2><\/div><\/div><\/div>\r\n\t\t<\/div>\r\n\t\t\r\n\t\t\t\t\t\t<\/div>\n\t\t\t\t<\/div>\n\t\t\t\t<div class=\"elementor-element elementor-element-2c97323 elementor-widget elementor-widget-cz_title\" data-id=\"2c97323\" data-element_type=\"widget\" data-e-type=\"widget\" data-widget_type=\"cz_title.default\">\n\t\t\t\t<div class=\"elementor-widget-container\">\n\t\t\t\t\t\t\r\n\t\t<div>\r\n\t\t\t<div class=\"cz_title clr cz_smart_fs cz_mobile_text_center cz_title_pos_right\"><div class=\"cz_title_content\"><div class=\"cz_wpe_content\"><p style=\"text-align: left;\"><span style=\"color: #225170; font-size: 20px; font-weight: 300;\">Leish G1 Creme verhindert die Bildung von Eschar (Schorf) bei Verwendung in den fr\u00fchen Stadien von Wunden oder leichten Verletzungen. Indem es die Wunde in einem fr\u00fchen Stadium behandelt, f\u00f6rdert es optimale Heilungsergebnisse, verhindert die Bildung von Schorfen und unterst\u00fctzt einen effizienteren Genesungsprozess.<\/span><\/p><\/div><\/div><\/div>\r\n\t\t<\/div>\r\n\t\t\r\n\t\t\t\t\t\t<\/div>\n\t\t\t\t<\/div>\n\t\t\t\t<div class=\"elementor-element elementor-element-e75b7c6 elementor-widget elementor-widget-cz_button\" data-id=\"e75b7c6\" data-element_type=\"widget\" data-e-type=\"widget\" data-widget_type=\"cz_button.default\">\n\t\t\t\t<div class=\"elementor-widget-container\">\n\t\t\t\t\t\t\t<div class=\"cz_btn_left cz_mobile_btn_center\">\r\n\t\t\t<div>\r\n\t\t\t\t<a href=\"https:\/\/leishg.com\/about\/\" class=\"cz_btn cz_btn_txt_move_left cz_btn_no_fx cz_btn_icon_after\">\r\n\r\n\t\t\t\t\t<span>\t\t\t\t\t\t<strong>\u00dcber uns\t\t\t\t\t\t\t\t\t\t\t\t\t<\/strong>\r\n\t\t\t\t\t\t<i class=\"fas fa-angle-double-right\"><\/i>\t\t\t\t\t<\/span>\r\n\r\n\t\t\t\t\t<b class=\"cz_btn_onhover\">\r\n\t\t\t\t\t\t\t\t\t\t\t\t<strong>\r\n\t\t\t\t\t\t\t\u00dcber uns\t\t\t\t\t\t\t\t\t\t\t\t\t<\/strong>\r\n\t\t\t\t\t\t<i class=\"fas fa-angle-double-right\"><\/i>\t\t\t\t\t<\/b>\r\n\r\n\t\t\t\t<\/a>\r\n\t\t\t<\/div>\r\n\t\t<\/div> <div class=\"clr\"><\/div>\t\t\t\t\t\t<\/div>\n\t\t\t\t<\/div>\n\t\t\t\t\t<\/div>\n\t\t<\/div>\n\t\t\t\t<div class=\"elementor-column elementor-col-50 elementor-top-column elementor-element elementor-element-edfa6b0\" data-id=\"edfa6b0\" data-element_type=\"column\" data-e-type=\"column\">\n\t\t\t<div class=\"elementor-widget-wrap elementor-element-populated\">\n\t\t\t\t\t\t<div class=\"elementor-element elementor-element-42b6be9 elementor-widget elementor-widget-cz_image\" data-id=\"42b6be9\" data-element_type=\"widget\" data-e-type=\"widget\" data-widget_type=\"cz_image.default\">\n\t\t\t\t<div class=\"elementor-widget-container\">\n\t\t\t\t\t\r\n\t\t<div class=\"cz_image clr cz_image_no_fx center_on_mobile\">\r\n\r\n\t\t\t<div>\r\n\r\n\t\t\t\t<div class=\"cz_image_in\">\r\n\r\n\t\t\t\t\t<div class=\"cz_main_image\"><img decoding=\"async\" src=\"data:image\/svg+xml,%3Csvg%20xmlns%3D&#39;http%3A%2F%2Fwww.w3.org%2F2000%2Fsvg&#39;%20width=&#39;_w_&#39;%20height=&#39;_h_&#39;%20viewBox%3D&#39;0%200%20_w_%20_h_&#39;%2F%3E\" data-czlz data-src=\"https:\/\/leishg.com\/wp-content\/uploads\/sites\/102\/2021\/11\/zigzag.png\" title=\"\" alt=\"\" loading=\"lazy\" \/><\/div>\r\n\r\n\t\t\t\t\t<div class=\"cz_hover_image\"><img decoding=\"async\" src=\"data:image\/svg+xml,%3Csvg%20xmlns%3D&#39;http%3A%2F%2Fwww.w3.org%2F2000%2Fsvg&#39;%20width=&#39;_w_&#39;%20height=&#39;_h_&#39;%20viewBox%3D&#39;0%200%20_w_%20_h_&#39;%2F%3E\" data-czlz data-src=\"https:\/\/leishg.com\/wp-content\/uploads\/sites\/102\/2021\/11\/zigzag.png\" title=\"\" alt=\"\" loading=\"lazy\" \/><\/div>\r\n\t\t\t\t<\/div>\r\n\r\n\t\t\t\t\r\n\t\t\t<\/div>\r\n\r\n\t\t<\/div>\r\n\r\n\t\t\t\t\t\t<\/div>\n\t\t\t\t<\/div>\n\t\t\t\t\t<\/div>\n\t\t<\/div>\n\t\t\t\t\t<\/div>\n\t\t<\/section>\n\t\t\t\t<section class=\"elementor-section elementor-top-section elementor-element elementor-element-2963773 elementor-section-stretched elementor-section-boxed elementor-section-height-default elementor-section-height-default\" data-id=\"2963773\" data-element_type=\"section\" data-e-type=\"section\" data-settings=\"{&quot;stretch_section&quot;:&quot;section-stretched&quot;,&quot;background_background&quot;:&quot;classic&quot;}\">\n\t\t\t\t\t\t<div class=\"elementor-container elementor-column-gap-default\">\n\t\t\t\t\t<div class=\"elementor-column elementor-col-50 elementor-top-column elementor-element elementor-element-35bb2b4\" data-id=\"35bb2b4\" data-element_type=\"column\" data-e-type=\"column\">\n\t\t\t<div class=\"elementor-widget-wrap elementor-element-populated\">\n\t\t\t\t\t\t<div class=\"elementor-element elementor-element-07777b5 elementor-widget elementor-widget-cz_image\" data-id=\"07777b5\" data-element_type=\"widget\" data-e-type=\"widget\" data-widget_type=\"cz_image.default\">\n\t\t\t\t<div class=\"elementor-widget-container\">\n\t\t\t\t\t\r\n\t\t<div class=\"cz_image clr cz_image_no_fx center_on_mobile\">\r\n\r\n\t\t\t<div>\r\n\r\n\t\t\t\t<div class=\"cz_image_in\">\r\n\r\n\t\t\t\t\t<div class=\"cz_main_image\"><img decoding=\"async\" src=\"data:image\/svg+xml,%3Csvg%20xmlns%3D&#39;http%3A%2F%2Fwww.w3.org%2F2000%2Fsvg&#39;%20width=&#39;_w_&#39;%20height=&#39;_h_&#39;%20viewBox%3D&#39;0%200%20_w_%20_h_&#39;%2F%3E\" data-czlz data-src=\"https:\/\/leishg.com\/wp-content\/uploads\/sites\/102\/2021\/11\/zigzag.png\" title=\"\" alt=\"\" loading=\"lazy\" \/><\/div>\r\n\r\n\t\t\t\t\t<div class=\"cz_hover_image\"><img decoding=\"async\" src=\"data:image\/svg+xml,%3Csvg%20xmlns%3D&#39;http%3A%2F%2Fwww.w3.org%2F2000%2Fsvg&#39;%20width=&#39;_w_&#39;%20height=&#39;_h_&#39;%20viewBox%3D&#39;0%200%20_w_%20_h_&#39;%2F%3E\" data-czlz data-src=\"https:\/\/leishg.com\/wp-content\/uploads\/sites\/102\/2021\/11\/zigzag.png\" title=\"\" alt=\"\" loading=\"lazy\" \/><\/div>\r\n\t\t\t\t<\/div>\r\n\r\n\t\t\t\t\r\n\t\t\t<\/div>\r\n\r\n\t\t<\/div>\r\n\r\n\t\t\t\t\t\t<\/div>\n\t\t\t\t<\/div>\n\t\t\t\t\t<\/div>\n\t\t<\/div>\n\t\t\t\t<div class=\"elementor-column elementor-col-50 elementor-top-column elementor-element elementor-element-fd12360\" data-id=\"fd12360\" data-element_type=\"column\" data-e-type=\"column\">\n\t\t\t<div class=\"elementor-widget-wrap elementor-element-populated\">\n\t\t\t\t\t\t<div class=\"elementor-element elementor-element-be4ebd5 elementor-widget elementor-widget-cz_title\" data-id=\"be4ebd5\" data-element_type=\"widget\" data-e-type=\"widget\" data-widget_type=\"cz_title.default\">\n\t\t\t\t<div class=\"elementor-widget-container\">\n\t\t\t\t\t\t\r\n\t\t<div>\r\n\t\t\t<div class=\"cz_title clr cz_smart_fs cz_mobile_text_center cz_title_pos_left\"><div class=\"cz_title_content\"><div class=\"cz_wpe_content\"><h2><span style=\"color: #225170;\"><span style=\"font-weight: 200;\">Narbenheilungseigenschaften<\/span><br \/><\/span><\/h2><\/div><\/div><\/div>\r\n\t\t<\/div>\r\n\t\t\r\n\t\t\t\t\t\t<\/div>\n\t\t\t\t<\/div>\n\t\t\t\t<div class=\"elementor-element elementor-element-65d9c96 elementor-widget elementor-widget-cz_title\" data-id=\"65d9c96\" data-element_type=\"widget\" data-e-type=\"widget\" data-widget_type=\"cz_title.default\">\n\t\t\t\t<div class=\"elementor-widget-container\">\n\t\t\t\t\t\t\r\n\t\t<div>\r\n\t\t\t<div class=\"cz_title clr cz_smart_fs cz_mobile_text_center cz_title_pos_right\"><div class=\"cz_title_content\"><div class=\"cz_wpe_content\"><p style=\"text-align: left;\"><span style=\"color: #225170; font-size: 20px; font-weight: 300;\">Die Creme behandelt nicht nur kutane Leishmaniasis, sondern unterst\u00fctzt auch die Reparatur von L\u00e4sionen durch mehrere Mechanismen. Ihre immunmodulatorischen Eigenschaften verbessern die Immunantwort gegen den Parasiten, was zur Aufl\u00f6sung der L\u00e4sionen und zur F\u00f6rderung der Regeneration gesunden Gewebes f\u00fchrt.<\/span><\/p><\/div><\/div><\/div>\r\n\t\t<\/div>\r\n\t\t\r\n\t\t\t\t\t\t<\/div>\n\t\t\t\t<\/div>\n\t\t\t\t<div class=\"elementor-element elementor-element-1741c3c elementor-widget elementor-widget-cz_button\" data-id=\"1741c3c\" data-element_type=\"widget\" data-e-type=\"widget\" data-widget_type=\"cz_button.default\">\n\t\t\t\t<div class=\"elementor-widget-container\">\n\t\t\t\t\t\t\t<div class=\"cz_btn_left cz_mobile_btn_center\">\r\n\t\t\t<div>\r\n\t\t\t\t<a href=\"https:\/\/leishg.com\/faq\/\" class=\"cz_btn cz_btn_txt_move_left cz_btn_no_fx cz_btn_icon_after\">\r\n\r\n\t\t\t\t\t<span>\t\t\t\t\t\t<strong>Weiterlesen\t\t\t\t\t\t\t\t\t\t\t\t\t<\/strong>\r\n\t\t\t\t\t\t<i class=\"fas fa-angle-double-right\"><\/i>\t\t\t\t\t<\/span>\r\n\r\n\t\t\t\t\t<b class=\"cz_btn_onhover\">\r\n\t\t\t\t\t\t\t\t\t\t\t\t<strong>\r\n\t\t\t\t\t\t\tWeiterlesen\t\t\t\t\t\t\t\t\t\t\t\t\t<\/strong>\r\n\t\t\t\t\t\t<i class=\"fas fa-angle-double-right\"><\/i>\t\t\t\t\t<\/b>\r\n\r\n\t\t\t\t<\/a>\r\n\t\t\t<\/div>\r\n\t\t<\/div> <div class=\"clr\"><\/div>\t\t\t\t\t\t<\/div>\n\t\t\t\t<\/div>\n\t\t\t\t\t<\/div>\n\t\t<\/div>\n\t\t\t\t\t<\/div>\n\t\t<\/section>\n\t\t\t\t<section class=\"elementor-section elementor-top-section elementor-element elementor-element-aed4782 elementor-section-stretched elementor-section-boxed elementor-section-height-default elementor-section-height-default\" data-id=\"aed4782\" data-element_type=\"section\" data-e-type=\"section\" data-settings=\"{&quot;stretch_section&quot;:&quot;section-stretched&quot;,&quot;background_background&quot;:&quot;classic&quot;}\">\n\t\t\t\t\t\t<div class=\"elementor-container elementor-column-gap-default\">\n\t\t\t\t\t<div class=\"elementor-column elementor-col-50 elementor-top-column elementor-element elementor-element-645c416\" data-id=\"645c416\" data-element_type=\"column\" data-e-type=\"column\">\n\t\t\t<div class=\"elementor-widget-wrap elementor-element-populated\">\n\t\t\t\t\t\t<div class=\"elementor-element elementor-element-12eb7e8 elementor-widget elementor-widget-cz_image\" data-id=\"12eb7e8\" data-element_type=\"widget\" data-e-type=\"widget\" data-widget_type=\"cz_image.default\">\n\t\t\t\t<div class=\"elementor-widget-container\">\n\t\t\t\t\t<div class=\"clr cz_parallax_h_7\">\r\n\t\t<div class=\"cz_image clr cz_image_no_fx center_on_mobile\">\r\n\r\n\t\t\t<div>\r\n\r\n\t\t\t\t<div class=\"cz_image_in\">\r\n\r\n\t\t\t\t\t<div class=\"cz_main_image\"><img fetchpriority=\"high\" decoding=\"async\" width=\"1080\" height=\"1080\" src=\"data:image\/svg+xml,%3Csvg%20xmlns%3D&#39;http%3A%2F%2Fwww.w3.org%2F2000%2Fsvg&#39;%20width=&#39;1080&#39;%20height=&#39;1080&#39;%20viewBox%3D&#39;0%200%201080%201080&#39;%2F%3E\" data-czlz data-src=\"https:\/\/leishg.com\/wp-content\/uploads\/2023\/06\/LeishG1-price2.jpg\" class=\"attachment-full size-full wp-image-1370\" alt=\"\" data-srcset=\"https:\/\/leishg.com\/wp-content\/uploads\/2023\/06\/LeishG1-price2.jpg 1080w, https:\/\/leishg.com\/wp-content\/uploads\/2023\/06\/LeishG1-price2-300x300.jpg 300w, https:\/\/leishg.com\/wp-content\/uploads\/2023\/06\/LeishG1-price2-1024x1024.jpg 1024w, https:\/\/leishg.com\/wp-content\/uploads\/2023\/06\/LeishG1-price2-150x150.jpg 150w, https:\/\/leishg.com\/wp-content\/uploads\/2023\/06\/LeishG1-price2-768x768.jpg 768w, https:\/\/leishg.com\/wp-content\/uploads\/2023\/06\/LeishG1-price2-600x600.jpg 600w, https:\/\/leishg.com\/wp-content\/uploads\/2023\/06\/LeishG1-price2-100x100.jpg 100w\" data-sizes=\"(max-width: 1080px) 100vw, 1080px\" \/><\/div>\r\n\r\n\t\t\t\t\t<div class=\"cz_hover_image\"><img fetchpriority=\"high\" decoding=\"async\" width=\"1080\" height=\"1080\" src=\"data:image\/svg+xml,%3Csvg%20xmlns%3D&#39;http%3A%2F%2Fwww.w3.org%2F2000%2Fsvg&#39;%20width=&#39;1080&#39;%20height=&#39;1080&#39;%20viewBox%3D&#39;0%200%201080%201080&#39;%2F%3E\" data-czlz data-src=\"https:\/\/leishg.com\/wp-content\/uploads\/2023\/06\/LeishG1-price2.jpg\" class=\"attachment-full size-full wp-image-1370\" alt=\"\" data-srcset=\"https:\/\/leishg.com\/wp-content\/uploads\/2023\/06\/LeishG1-price2.jpg 1080w, https:\/\/leishg.com\/wp-content\/uploads\/2023\/06\/LeishG1-price2-300x300.jpg 300w, https:\/\/leishg.com\/wp-content\/uploads\/2023\/06\/LeishG1-price2-1024x1024.jpg 1024w, https:\/\/leishg.com\/wp-content\/uploads\/2023\/06\/LeishG1-price2-150x150.jpg 150w, https:\/\/leishg.com\/wp-content\/uploads\/2023\/06\/LeishG1-price2-768x768.jpg 768w, https:\/\/leishg.com\/wp-content\/uploads\/2023\/06\/LeishG1-price2-600x600.jpg 600w, https:\/\/leishg.com\/wp-content\/uploads\/2023\/06\/LeishG1-price2-100x100.jpg 100w\" data-sizes=\"(max-width: 1080px) 100vw, 1080px\" \/><\/div>\r\n\t\t\t\t<\/div>\r\n\r\n\t\t\t\t\r\n\t\t\t<\/div>\r\n\r\n\t\t<\/div>\r\n\r\n\t\t<\/div>\t\t\t\t<\/div>\n\t\t\t\t<\/div>\n\t\t\t\t\t<\/div>\n\t\t<\/div>\n\t\t\t\t<div class=\"elementor-column elementor-col-50 elementor-top-column elementor-element elementor-element-cd600e0\" data-id=\"cd600e0\" data-element_type=\"column\" data-e-type=\"column\">\n\t\t\t<div class=\"elementor-widget-wrap\">\n\t\t\t\t\t\t\t<\/div>\n\t\t<\/div>\n\t\t\t\t\t<\/div>\n\t\t<\/section>\n\t\t\t\t<section class=\"elementor-section elementor-top-section elementor-element elementor-element-8928f9b elementor-section-stretched elementor-section-boxed elementor-section-height-default elementor-section-height-default\" data-id=\"8928f9b\" data-element_type=\"section\" data-e-type=\"section\" data-settings=\"{&quot;stretch_section&quot;:&quot;section-stretched&quot;,&quot;background_background&quot;:&quot;classic&quot;}\">\n\t\t\t\t\t\t<div class=\"elementor-container elementor-column-gap-default\">\n\t\t\t\t\t<div class=\"elementor-column elementor-col-50 elementor-top-column elementor-element elementor-element-c3186cb\" data-id=\"c3186cb\" data-element_type=\"column\" data-e-type=\"column\">\n\t\t\t<div class=\"elementor-widget-wrap elementor-element-populated\">\n\t\t\t\t\t\t<div class=\"elementor-element elementor-element-a9954a0 elementor-widget elementor-widget-cz_image\" data-id=\"a9954a0\" data-element_type=\"widget\" data-e-type=\"widget\" data-widget_type=\"cz_image.default\">\n\t\t\t\t<div class=\"elementor-widget-container\">\n\t\t\t\t\t\r\n\t\t<div class=\"cz_image clr cz_image_no_fx center_on_mobile\">\r\n\r\n\t\t\t<div>\r\n\r\n\t\t\t\t<div class=\"cz_image_in\">\r\n\r\n\t\t\t\t\t<div class=\"cz_main_image\"><img decoding=\"async\" src=\"data:image\/svg+xml,%3Csvg%20xmlns%3D&#39;http%3A%2F%2Fwww.w3.org%2F2000%2Fsvg&#39;%20width=&#39;_w_&#39;%20height=&#39;_h_&#39;%20viewBox%3D&#39;0%200%20_w_%20_h_&#39;%2F%3E\" data-czlz data-src=\"https:\/\/leishg.com\/wp-content\/uploads\/sites\/102\/2021\/11\/zigzag.png\" title=\"\" alt=\"\" loading=\"lazy\" \/><\/div>\r\n\r\n\t\t\t\t\t<div class=\"cz_hover_image\"><img decoding=\"async\" src=\"data:image\/svg+xml,%3Csvg%20xmlns%3D&#39;http%3A%2F%2Fwww.w3.org%2F2000%2Fsvg&#39;%20width=&#39;_w_&#39;%20height=&#39;_h_&#39;%20viewBox%3D&#39;0%200%20_w_%20_h_&#39;%2F%3E\" data-czlz data-src=\"https:\/\/leishg.com\/wp-content\/uploads\/sites\/102\/2021\/11\/zigzag.png\" title=\"\" alt=\"\" loading=\"lazy\" \/><\/div>\r\n\t\t\t\t<\/div>\r\n\r\n\t\t\t\t\r\n\t\t\t<\/div>\r\n\r\n\t\t<\/div>\r\n\r\n\t\t\t\t\t\t<\/div>\n\t\t\t\t<\/div>\n\t\t\t\t\t<\/div>\n\t\t<\/div>\n\t\t\t\t<div class=\"elementor-column elementor-col-50 elementor-top-column elementor-element elementor-element-319589d\" data-id=\"319589d\" data-element_type=\"column\" data-e-type=\"column\">\n\t\t\t<div class=\"elementor-widget-wrap elementor-element-populated\">\n\t\t\t\t\t\t<div class=\"elementor-element elementor-element-7fd08f8 elementor-widget elementor-widget-cz_title\" data-id=\"7fd08f8\" data-element_type=\"widget\" data-e-type=\"widget\" data-widget_type=\"cz_title.default\">\n\t\t\t\t<div class=\"elementor-widget-container\">\n\t\t\t\t\t\t\r\n\t\t<div>\r\n\t\t\t<div class=\"cz_title clr cz_smart_fs cz_mobile_text_center cz_title_pos_left\"><div class=\"cz_title_content\"><div class=\"cz_wpe_content\"><h2><span style=\"color: #225170;\"><span style=\"font-weight: 200;\">Verbesserte<\/span><br class=\"clr\" \/><strong>zellul\u00e4re (zellvermittelte) Immunit\u00e4t<\/strong><br \/>\n<\/span><\/h2>\n<\/div><\/div><\/div>\r\n\t\t<\/div>\r\n\t\t\r\n\t\t\t\t\t\t<\/div>\n\t\t\t\t<\/div>\n\t\t\t\t<div class=\"elementor-element elementor-element-60ac99d elementor-widget elementor-widget-cz_title\" data-id=\"60ac99d\" data-element_type=\"widget\" data-e-type=\"widget\" data-widget_type=\"cz_title.default\">\n\t\t\t\t<div class=\"elementor-widget-container\">\n\t\t\t\t\t\t\r\n\t\t<div>\r\n\t\t\t<div class=\"cz_title clr cz_smart_fs cz_mobile_text_center cz_title_pos_right\"><div class=\"cz_title_content\"><div class=\"cz_wpe_content\"><p style=\"text-align: left;\"><span style=\"color: #225170; font-size: 20px; font-weight: 300;\">Leish G1 Creme ist auch wirksam bei der Behandlung verschiedener kutaner infizierter L\u00e4sionen. Ihre vielschichtige Wirkung zielt auf die zugrunde liegende Infektion ab, erleichtert den Heilungsprozess und verbessert insgesamt die Patientenergebnisse.<\/span><\/p><\/div><\/div><\/div>\r\n\t\t<\/div>\r\n\t\t\r\n\t\t\t\t\t\t<\/div>\n\t\t\t\t<\/div>\n\t\t\t\t<div class=\"elementor-element elementor-element-1ad837a elementor-widget elementor-widget-cz_button\" data-id=\"1ad837a\" data-element_type=\"widget\" data-e-type=\"widget\" data-widget_type=\"cz_button.default\">\n\t\t\t\t<div class=\"elementor-widget-container\">\n\t\t\t\t\t\t\t<div class=\"cz_btn_left cz_mobile_btn_center\">\r\n\t\t\t<div>\r\n\t\t\t\t<a href=\"https:\/\/leishg.com\/contact\/\" class=\"cz_btn cz_btn_txt_move_left cz_btn_no_fx cz_btn_icon_after\">\r\n\r\n\t\t\t\t\t<span>\t\t\t\t\t\t<strong>Kontakt\t\t\t\t\t\t\t\t\t\t\t\t\t<\/strong>\r\n\t\t\t\t\t\t<i class=\"fas fa-angle-double-right\"><\/i>\t\t\t\t\t<\/span>\r\n\r\n\t\t\t\t\t<b class=\"cz_btn_onhover\">\r\n\t\t\t\t\t\t\t\t\t\t\t\t<strong>\r\n\t\t\t\t\t\t\tKontakt\t\t\t\t\t\t\t\t\t\t\t\t\t<\/strong>\r\n\t\t\t\t\t\t<i class=\"fas fa-angle-double-right\"><\/i>\t\t\t\t\t<\/b>\r\n\r\n\t\t\t\t<\/a>\r\n\t\t\t<\/div>\r\n\t\t<\/div> <div class=\"clr\"><\/div>\t\t\t\t\t\t<\/div>\n\t\t\t\t<\/div>\n\t\t\t\t\t<\/div>\n\t\t<\/div>\n\t\t\t\t\t<\/div>\n\t\t<\/section>\n\t\t\t\t<\/div>\n\t\t","protected":false},"excerpt":{"rendered":"<p>Direkte antiparasit\u00e4re Effekte Leish G1 Creme verhindert die Bildung von Eschar &#8230; <\/p>\n","protected":false},"author":1,"featured_media":0,"parent":0,"menu_order":0,"comment_status":"closed","ping_status":"closed","template":"","meta":{"footnotes":""},"class_list":["post-1879","page","type-page","status-publish","hentry"],"_links":{"self":[{"href":"https:\/\/leishg.com\/de\/wp-json\/wp\/v2\/pages\/1879","targetHints":{"allow":["GET"]}}],"collection":[{"href":"https:\/\/leishg.com\/de\/wp-json\/wp\/v2\/pages"}],"about":[{"href":"https:\/\/leishg.com\/de\/wp-json\/wp\/v2\/types\/page"}],"author":[{"embeddable":true,"href":"https:\/\/leishg.com\/de\/wp-json\/wp\/v2\/users\/1"}],"replies":[{"embeddable":true,"href":"https:\/\/leishg.com\/de\/wp-json\/wp\/v2\/comments?post=1879"}],"version-history":[{"count":5,"href":"https:\/\/leishg.com\/de\/wp-json\/wp\/v2\/pages\/1879\/revisions"}],"predecessor-version":[{"id":1884,"href":"https:\/\/leishg.com\/de\/wp-json\/wp\/v2\/pages\/1879\/revisions\/1884"}],"wp:attachment":[{"href":"https:\/\/leishg.com\/de\/wp-json\/wp\/v2\/media?parent=1879"}],"curies":[{"name":"wp","href":"https:\/\/api.w.org\/{rel}","templated":true}]}}