{"id":2013,"date":"2017-06-10T08:34:22","date_gmt":"2017-06-10T04:04:22","guid":{"rendered":"https:\/\/leishg.com\/faq\/"},"modified":"2023-09-09T10:27:36","modified_gmt":"2023-09-09T06:57:36","slug":"faq","status":"publish","type":"page","link":"https:\/\/leishg.com\/de\/faq\/","title":{"rendered":"FAQ"},"content":{"rendered":"\t\t<div data-elementor-type=\"wp-page\" data-elementor-id=\"2013\" class=\"elementor elementor-2013 elementor-19\">\n\t\t\t\t\t\t<section class=\"elementor-section elementor-top-section elementor-element elementor-element-afd2cb1 elementor-section-stretched elementor-section-boxed elementor-section-height-default elementor-section-height-default\" data-id=\"afd2cb1\" data-element_type=\"section\" data-e-type=\"section\" data-settings=\"{&quot;stretch_section&quot;:&quot;section-stretched&quot;}\">\n\t\t\t\t\t\t<div class=\"elementor-container elementor-column-gap-default\">\n\t\t\t\t\t<div class=\"elementor-column elementor-col-66 elementor-top-column elementor-element elementor-element-85b0f79\" data-id=\"85b0f79\" data-element_type=\"column\" data-e-type=\"column\">\n\t\t\t<div class=\"elementor-widget-wrap elementor-element-populated\">\n\t\t\t\t\t\t<div class=\"elementor-element elementor-element-0cc1093 elementor-widget elementor-widget-cz_title\" data-id=\"0cc1093\" data-element_type=\"widget\" data-e-type=\"widget\" data-widget_type=\"cz_title.default\">\n\t\t\t\t<div class=\"elementor-widget-container\">\n\t\t\t\t\t\t\r\n\t\t<div>\r\n\t\t\t<div class=\"cz_title clr cz_title_has_icon cz_title_pos_inline\"><div class=\"cz_title_content\"><i class=\"cz_title_icon_before fa fa-question-circle-o\"><\/i><div class=\"cz_wpe_content\"><h3><span style=\"font-family: inherit; color: #225170;\"><strong>FAQ<\/strong><\/span><\/h3>\n<\/div><\/div><\/div>\r\n\t\t<\/div>\r\n\t\t\r\n\t\t\t\t\t\t<\/div>\n\t\t\t\t<\/div>\n\t\t\t\t<div class=\"elementor-element elementor-element-7c23f8c elementor-widget elementor-widget-cz_accordion\" data-id=\"7c23f8c\" data-element_type=\"widget\" data-e-type=\"widget\" data-widget_type=\"cz_accordion.default\">\n\t\t\t\t<div class=\"elementor-widget-container\">\n\t\t\t\t\t<div data-arrows='{\"open\":\"fa czico-200-down-arrow\",\"close\":\"fa czico-199-up-arrow\"}' class=\"cz_acc clr cz_acc_first_open\"><div><div class=\"elementor-repeater-item-f05c013\"><span class=\"cz_acc_child\"><div>Was ist Leish G1 Creme?<\/div><\/span><div class=\"cz_acc_child_content clr\"><p>Leish G1 Creme ist ein hochentwickeltes pharmazeutisches Produkt, das von Behpad entwickelt wurde, um kutane Leishmaniose effektiv zu behandeln.<\/p>\n<\/div><\/div><div class=\"elementor-repeater-item-c4b3637\"><span class=\"cz_acc_child\"><div>Wie funktioniert Leish G1 Creme?<\/div><\/span><div class=\"cz_acc_child_content clr\"><p>Leish G1 Creme wirkt durch verschiedene Mechanismen, einschlie\u00dflich der Verbesserung der Immunantwort, der Hemmung des Parasitenwachstums und der F\u00f6rderung der Wundheilung.<\/p>\n<\/div><\/div><div class=\"elementor-repeater-item-166b7c4\"><span class=\"cz_acc_child\"><div>Gibt es Nebenwirkungen bei der Verwendung von Leish G1 Creme?<\/div><\/span><div class=\"cz_acc_child_content clr\"><p>Leish G1 Creme wurde speziell formuliert, um systemische Nebenwirkungen zu minimieren, wodurch sie zu einer sicheren und gut vertr\u00e4glichen Behandlungsoption wird.<\/p>\n<\/div><\/div><div class=\"elementor-repeater-item-3f7120f\"><span class=\"cz_acc_child\"><div>Ist Leish G1 Creme f\u00fcr alle Arten von kutaner Leishmaniose geeignet?<\/div><\/span><div class=\"cz_acc_child_content clr\"><p>Leish G1 Creme wurde entwickelt, um verschiedene Arten von kutanen infizierten L\u00e4sionen zu behandeln und bietet somit eine umfassende L\u00f6sung f\u00fcr verschiedene Erscheinungsformen der Krankheit.<\/p>\n<\/div><\/div><div class=\"elementor-repeater-item-3cb1cfd\"><span class=\"cz_acc_child\"><div>Hat Leish G1 Creme klinische Studien durchlaufen?<\/div><\/span><div class=\"cz_acc_child_content clr\"><p>Ja, Leish G1 Creme hat erfolgreich strenge klinische Studien durchlaufen, die ihre Wirksamkeit und Sicherheit belegen.<\/p>\n<\/div><\/div><div class=\"elementor-repeater-item-9ecfd86\"><span class=\"cz_acc_child\"><div>Was macht Leish G1 Creme im Vergleich zu anderen Behandlungen einzigartig?<\/div><\/span><div class=\"cz_acc_child_content clr\"><p>Leish G1 Creme zeichnet sich durch ihre hochmoderne Formulierung, umfangreiche Forschung \u00fcber einen Zeitraum von mehr als 20 Jahren und ihre F\u00e4higkeit aus, mehrere Aspekte der Krankheit anzugehen.<\/p>\n<\/div><\/div><div class=\"elementor-repeater-item-cf4c027\"><span class=\"cz_acc_child\"><div>Wie lange dauert es, bis man mit Leish G1 Creme Ergebnisse sieht?<\/div><\/span><div class=\"cz_acc_child_content clr\"><p>Die Behandlungsdauer kann je nach Schwere der Erkrankung variieren, aber signifikante Verbesserungen k\u00f6nnen oft innerhalb weniger Wochen regelm\u00e4\u00dfiger Anwendung beobachtet werden.<\/p>\n<\/div><\/div><div class=\"elementor-repeater-item-94279e4\"><span class=\"cz_acc_child\"><div>Ist Leish G1 Creme f\u00fcr Kinder geeignet?<\/div><\/span><div class=\"cz_acc_child_content clr\"><p>Ja, Leish G1 Creme ist sicher und f\u00fcr Kinder geeignet. Es wird jedoch empfohlen, sich mit einem Arzt oder einer \u00c4rztin abzustimmen, um Anleitung zur geeigneten Anwendung und Dosierung f\u00fcr Kinder zu erhalten.<\/p>\n<\/div><\/div><div class=\"elementor-repeater-item-6c2501f\"><span class=\"cz_acc_child\"><div>Wo kann ich Leish G1 Creme kaufen?<\/div><\/span><div class=\"cz_acc_child_content clr\"><p>Leish G1 Creme ist \u00fcber autorisierte H\u00e4ndler oder Distributoren erh\u00e4ltlich. Wir freuen uns \u00fcber Anfragen aus neuen Regionen, die an der Verbreitung des Arzneimittels interessiert sind. Bitte besuchen Sie unsere Website oder kontaktieren Sie uns f\u00fcr weitere Informationen zu den Kaufoptionen.<\/p>\n<\/div><\/div><div class=\"elementor-repeater-item-5ce4115\"><span class=\"cz_acc_child\"><div>Gibt es Vorsichtsma\u00dfnahmen oder Kontraindikationen bei der Verwendung von Leish G1 Creme?<\/div><\/span><div class=\"cz_acc_child_content clr\"><p>Obwohl Leish G1 Creme im Allgemeinen sicher ist, wird empfohlen, die mitgelieferten Anweisungen zu befolgen und bei spezifischen Bedenken oder medizinischen Bedingungen einen Arzt oder eine \u00c4rztin zu konsultieren.<\/p>\n<\/div><\/div><\/div><\/div>\t\t\t\t<\/div>\n\t\t\t\t<\/div>\n\t\t\t\t<div class=\"elementor-element elementor-element-0ebdadb elementor-widget elementor-widget-cz_gap\" data-id=\"0ebdadb\" data-element_type=\"widget\" data-e-type=\"widget\" data-widget_type=\"cz_gap.default\">\n\t\t\t\t<div class=\"elementor-widget-container\">\n\t\t\t\t\t<div class=\"cz_gap clr\"><\/div>\t\t\t\t<\/div>\n\t\t\t\t<\/div>\n\t\t\t\t<div class=\"elementor-element elementor-element-7a2f7e8 elementor-widget elementor-widget-cz_title\" data-id=\"7a2f7e8\" data-element_type=\"widget\" data-e-type=\"widget\" data-widget_type=\"cz_title.default\">\n\t\t\t\t<div class=\"elementor-widget-container\">\n\t\t\t\t\t\t\r\n\t\t<div>\r\n\t\t\t<div class=\"cz_title clr cz_title_has_icon cz_title_pos_inline\"><div class=\"cz_title_content\"><i class=\"cz_title_icon_before fa fa-question-circle-o\"><\/i><div class=\"cz_wpe_content\"><h3><span style=\"font-family: inherit; color: #225170;\"><strong>\u0633\u0627\u06cc\u0631 \u0633\u0648\u0627\u0644\u0627\u062a<\/strong><\/span><\/h3>\n<\/div><\/div><\/div>\r\n\t\t<\/div>\r\n\t\t\r\n\t\t\t\t\t\t<\/div>\n\t\t\t\t<\/div>\n\t\t\t\t<div class=\"elementor-element elementor-element-68dc887 elementor-widget elementor-widget-cz_accordion\" data-id=\"68dc887\" data-element_type=\"widget\" data-e-type=\"widget\" data-widget_type=\"cz_accordion.default\">\n\t\t\t\t<div class=\"elementor-widget-container\">\n\t\t\t\t\t<div data-arrows='{\"open\":\"fa czico-200-down-arrow\",\"close\":\"fa czico-199-up-arrow\"}' class=\"cz_acc clr cz_acc_first_open\"><div><div class=\"elementor-repeater-item-f05c013\"><span class=\"cz_acc_child\"><div>\u06a9\u0631\u0645 \u0644\u06cc\u0634 \u062c\u06cc 1 \u0631\u0627 \u0627\u0632 \u06a9\u062c\u0627 \u0645\u06cc \u062a\u0648\u0627\u0646\u0645 \u062e\u0631\u06cc\u062f\u0627\u0631\u06cc \u06a9\u0646\u0645\u061f<\/div><\/span><div class=\"cz_acc_child_content clr\"><p>\u06a9\u0631\u0645 \u0644\u06cc\u0634 \u062c\u06cc 1 \u0627\u0632 \u0637\u0631\u06cc\u0642\u062f\u0627\u0631\u0648\u062e\u0627\u0646\u0647 \u0647\u0627 \u06cc\u0627 \u0646\u0645\u0627\u06cc\u0646\u062f\u06af\u0627\u0646 \u0645\u062c\u0627\u0632 \u062f\u0631 \u062f\u0633\u062a\u0631\u0633 \u0627\u0633\u062a. \u0645\u0627 \u0647\u0645\u0686\u0646\u06cc\u0646 \u0639\u0644\u0627\u0642\u0647 \u0645\u0646\u062f \u0628\u0647 \u06af\u0633\u062a\u0631\u0634 \u0647\u0645\u06a9\u0627\u0631\u06cc \u0647\u0627\u06cc \u062c\u062f\u06cc\u062f \u0647\u0633\u062a\u06cc\u0645. \u0644\u0637\u0641\u0627 \u0627\u0632 \u0648\u0628 \u0633\u0627\u06cc\u062a \u0645\u0627 \u062f\u06cc\u062f\u0646 \u06a9\u0646\u06cc\u062f \u06cc\u0627 \u0628\u0631\u0627\u06cc \u0627\u0637\u0644\u0627\u0639\u0627\u062a \u0628\u06cc\u0634\u062a\u0631 \u062f\u0631 \u0645\u0648\u0631\u062f \u0631\u0648\u0634 \u0647\u0627\u06cc \u0647\u0645\u06a9\u0627\u0631\u06cc \u0628\u0627 \u0645\u0627 \u062a\u0645\u0627\u0633 \u0628\u06af\u06cc\u0631\u06cc\u062f.<\/p>\n<\/div><\/div><div class=\"elementor-repeater-item-c4b3637\"><span class=\"cz_acc_child\"><div>\u0622\u06cc\u0627 \u0627\u062d\u062a\u06cc\u0627\u0637 \u06cc\u0627 \u0645\u0646\u0639 \u0645\u0635\u0631\u0641\u06cc \u0628\u0631\u0627\u06cc \u0627\u0633\u062a\u0641\u0627\u062f\u0647 \u0627\u0632 \u06a9\u0631\u0645 \u0644\u06cc\u0634 \u062c\u06cc 1 \u0648\u062c\u0648\u062f \u062f\u0627\u0631\u062f\u061f<\/div><\/span><div class=\"cz_acc_child_content clr\"><p>\u062f\u0631 \u062d\u0627\u0644\u06cc \u06a9\u0647 \u06a9\u0631\u0645 \u0644\u06cc\u0634 G1 \u0628\u0647 \u0637\u0648\u0631 \u06a9\u0644\u06cc \u0628\u0631\u0627\u06cc \u0627\u0633\u062a\u0641\u0627\u062f\u0647 \u0628\u06cc \u062e\u0637\u0631 \u0627\u0633\u062a\u060c \u062a\u0648\u0635\u06cc\u0647 \u0645\u06cc \u0634\u0648\u062f \u062f\u0631 \u0635\u0648\u0631\u062a \u062f\u0627\u0634\u062a\u0646 \u0647\u0631 \u06af\u0648\u0646\u0647 \u0646\u06af\u0631\u0627\u0646\u06cc \u06cc\u0627 \u0634\u0631\u0627\u06cc\u0637 \u067e\u0632\u0634\u06a9\u06cc \u062e\u0627\u0635\u060c \u0628\u0627 \u06cc\u06a9 \u0645\u062a\u062e\u0635\u0635 \u0645\u0631\u0627\u0642\u0628\u062a \u0647\u0627\u06cc \u0628\u0647\u062f\u0627\u0634\u062a\u06cc \u0645\u0634\u0648\u0631\u062a \u06a9\u0646\u06cc\u062f.<\/p>\n<\/div><\/div><\/div><\/div>\t\t\t\t<\/div>\n\t\t\t\t<\/div>\n\t\t\t\t\t<\/div>\n\t\t<\/div>\n\t\t\t\t<div class=\"elementor-column elementor-col-33 elementor-top-column elementor-element elementor-element-621c86a\" data-id=\"621c86a\" data-element_type=\"column\" data-e-type=\"column\">\n\t\t\t<div class=\"elementor-widget-wrap elementor-element-populated\">\n\t\t\t\t\t\t<div class=\"elementor-element elementor-element-8e5c8f6 elementor-widget elementor-widget-cz_title\" data-id=\"8e5c8f6\" data-element_type=\"widget\" data-e-type=\"widget\" data-widget_type=\"cz_title.default\">\n\t\t\t\t<div class=\"elementor-widget-container\">\n\t\t\t\t\t\t\r\n\t\t<div>\r\n\t\t\t<div class=\"cz_title clr cz_title_has_icon cz_title_pos_inline\"><div class=\"cz_title_content\"><i class=\"cz_title_icon_before fa czico-002-communication\"><\/i><div class=\"cz_wpe_content\"><h3><span style=\"font-family: inherit; color: #225170;\"><strong>Frag uns<br \/>\n<\/strong><\/span><\/h3>\n<\/div><\/div><\/div>\r\n\t\t<\/div>\r\n\t\t\r\n\t\t\t\t\t\t<\/div>\n\t\t\t\t<\/div>\n\t\t\t\t<div class=\"elementor-element elementor-element-2273bb1 elementor-widget elementor-widget-cz_contact_form_7\" data-id=\"2273bb1\" data-element_type=\"widget\" data-e-type=\"widget\" data-widget_type=\"cz_contact_form_7.default\">\n\t\t\t\t<div class=\"elementor-widget-container\">\n\t\t\t\t\t\t\t<div class=\"cz_cf7 clr\">\r\n\t\t\t<div>\n<div class=\"wpcf7 no-js\" id=\"wpcf7-f1286-o1\" lang=\"en-US\" dir=\"ltr\" data-wpcf7-id=\"1286\">\n<div class=\"screen-reader-response\"><p role=\"status\" aria-live=\"polite\" aria-atomic=\"true\"><\/p> <ul><\/ul><\/div>\n<form action=\"\/de\/wp-json\/wp\/v2\/pages\/2013#wpcf7-f1286-o1\" method=\"post\" class=\"wpcf7-form init\" aria-label=\"Contact form\" novalidate=\"novalidate\" data-status=\"init\">\n<fieldset class=\"hidden-fields-container\"><input type=\"hidden\" name=\"_wpcf7\" value=\"1286\" \/><input type=\"hidden\" name=\"_wpcf7_version\" value=\"6.1.5\" \/><input type=\"hidden\" name=\"_wpcf7_locale\" value=\"en_US\" \/><input type=\"hidden\" name=\"_wpcf7_unit_tag\" value=\"wpcf7-f1286-o1\" \/><input type=\"hidden\" name=\"_wpcf7_container_post\" value=\"0\" \/><input type=\"hidden\" name=\"_wpcf7_posted_data_hash\" value=\"\" \/>\n<\/fieldset>\n<p><label> Your Name<br \/>\n<span class=\"wpcf7-form-control-wrap\" data-name=\"your-name\"><input size=\"40\" maxlength=\"400\" class=\"wpcf7-form-control wpcf7-text wpcf7-validates-as-required\" autocomplete=\"name\" aria-required=\"true\" aria-invalid=\"false\" value=\"\" type=\"text\" name=\"your-name\" \/><\/span> <\/label>\n<\/p>\n<p><label> Your Email<br \/>\n<span class=\"wpcf7-form-control-wrap\" data-name=\"your-email\"><input size=\"40\" maxlength=\"400\" class=\"wpcf7-form-control wpcf7-email wpcf7-validates-as-required wpcf7-text wpcf7-validates-as-email\" autocomplete=\"email\" aria-required=\"true\" aria-invalid=\"false\" value=\"\" type=\"email\" name=\"your-email\" \/><\/span> <\/label>\n<\/p>\n<p><label> Phone Number<br \/>\n<span class=\"wpcf7-form-control-wrap\" data-name=\"your-number\"><input size=\"40\" maxlength=\"400\" class=\"wpcf7-form-control wpcf7-text wpcf7-validates-as-required\" aria-required=\"true\" aria-invalid=\"false\" value=\"\" type=\"text\" name=\"your-number\" \/><\/span> <\/label>\n<\/p>\n<p><label> Subject<br \/>\n<span class=\"wpcf7-form-control-wrap\" data-name=\"your-subject\"><input size=\"40\" maxlength=\"400\" class=\"wpcf7-form-control wpcf7-text wpcf7-validates-as-required\" aria-required=\"true\" aria-invalid=\"false\" value=\"\" type=\"text\" name=\"your-subject\" \/><\/span> <\/label>\n<\/p>\n<p><label> Your Message<br \/>\n<span class=\"wpcf7-form-control-wrap\" data-name=\"your-message\"><textarea cols=\"40\" rows=\"10\" maxlength=\"2000\" class=\"wpcf7-form-control wpcf7-textarea\" aria-invalid=\"false\" name=\"your-message\"><\/textarea><\/span> <\/label><br \/>\n<span class=\"wpcf7-form-control-wrap kc_captcha\" data-name=\"kc_captcha\"><span class=\"wpcf7-form-control wpcf7-radio\"><span class=\"captcha-image\" ><span class=\"cf7ic_instructions\">Please prove you are human by selecting the<span> plane<\/span>.<\/span><label><input aria-label=\"1\" type=\"radio\" name=\"kc_captcha\" value=\"bot\" \/><svg width=\"50\" height=\"50\" aria-hidden=\"true\" role=\"img\" xmlns=\"http:\/\/www.w3.org\/2000\/svg\" viewBox=\"0 0 512 512\"><path fill=\"currentColor\" d=\"M500 168h-55l-8-21a127 127 0 00-120-83H195a127 127 0 00-120 83l-8 21H12c-8 0-14 8-11 16l8 24a12 12 0 0011 8h29a64 64 0 00-33 56v48c0 16 6 31 16 42v62c0 13 11 24 24 24h48c13 0 24-11 24-24v-40h256v40c0 13 11 24 24 24h48c13 0 24-11 24-24v-62c10-11 16-26 16-42v-48c0-24-13-45-33-56h29a12 12 0 0011-8l8-24c3-8-3-16-11-16zm-365 2c9-25 33-42 60-42h122c27 0 51 17 60 42l15 38H120l15-38zM88 328a32 32 0 010-64c18 0 48 30 48 48s-30 16-48 16zm336 0c-18 0-48 2-48-16s30-48 48-48 32 14 32 32-14 32-32 32z\"\/><\/svg><\/label><label><input aria-label=\"2\" type=\"radio\" name=\"kc_captcha\" value=\"bot\" \/><svg width=\"50\" height=\"50\" aria-hidden=\"true\" role=\"img\" xmlns=\"http:\/\/www.w3.org\/2000\/svg\" viewBox=\"0 0 512 512\"><path fill=\"currentColor\" d=\"M350 99c-54 0-98-35-166-35-25 0-47 4-68 12a56 56 0 004-24C118 24 95 1 66 0a56 56 0 00-34 102v386c0 13 11 24 24 24h16c13 0 24-11 24-24v-94c28-12 64-23 114-23 54 0 98 35 166 35 48 0 86-16 122-41 9-6 14-15 14-26V96c0-23-24-39-45-29-35 16-77 32-117 32z\"\/><\/svg><\/label><label><input aria-label=\"3\" type=\"radio\" name=\"kc_captcha\" value=\"kc_human\" \/><svg width=\"50\" height=\"50\" aria-hidden=\"true\" role=\"img\" xmlns=\"http:\/\/www.w3.org\/2000\/svg\" viewBox=\"0 0 576 512\"><path fill=\"currentColor\" d=\"M472 200H360L256 6a12 12 0 00-10-6h-58c-8 0-14 7-12 15l34 185H100l-35-58a12 12 0 00-10-6H12c-8 0-13 7-12 14l21 106L0 362c-1 7 4 14 12 14h43c4 0 8-2 10-6l35-58h110l-34 185c-2 8 4 15 12 15h58a12 12 0 0010-6l104-194h112c57 0 104-25 104-56s-47-56-104-56z\"\/><\/svg><\/label>\r\n    <\/span>\r\n    <span style=\"display:none\">\r\n        <input type=\"text\" name=\"kc_honeypot\">\r\n    <\/span><\/span><\/span>\n<\/p>\n<p><input class=\"wpcf7-form-control wpcf7-submit has-spinner\" type=\"submit\" value=\"Send Message\" \/>\n<\/p><p style=\"display: none !important;\" class=\"akismet-fields-container\" data-prefix=\"_wpcf7_ak_\"><label>&#916;<textarea name=\"_wpcf7_ak_hp_textarea\" cols=\"45\" rows=\"8\" maxlength=\"100\"><\/textarea><\/label><input type=\"hidden\" id=\"ak_js_1\" name=\"_wpcf7_ak_js\" value=\"191\"\/><script>document.getElementById( \"ak_js_1\" ).setAttribute( \"value\", ( new Date() ).getTime() );<\/script><\/p><div class=\"wpcf7-response-output\" aria-hidden=\"true\"><\/div>\n<\/form>\n<\/div>\n<\/div>\r\n\t\t<\/div>\r\n\t\t\t\t\t\t<\/div>\n\t\t\t\t<\/div>\n\t\t\t\t\t<\/div>\n\t\t<\/div>\n\t\t\t\t\t<\/div>\n\t\t<\/section>\n\t\t\t\t<\/div>\n\t\t","protected":false},"excerpt":{"rendered":"<p>FAQ Was ist Leish G1 Creme? Leish G1 Creme ist ein &#8230; <\/p>\n","protected":false},"author":1,"featured_media":0,"parent":0,"menu_order":0,"comment_status":"closed","ping_status":"closed","template":"","meta":{"footnotes":""},"class_list":["post-2013","page","type-page","status-publish","hentry"],"_links":{"self":[{"href":"https:\/\/leishg.com\/de\/wp-json\/wp\/v2\/pages\/2013","targetHints":{"allow":["GET"]}}],"collection":[{"href":"https:\/\/leishg.com\/de\/wp-json\/wp\/v2\/pages"}],"about":[{"href":"https:\/\/leishg.com\/de\/wp-json\/wp\/v2\/types\/page"}],"author":[{"embeddable":true,"href":"https:\/\/leishg.com\/de\/wp-json\/wp\/v2\/users\/1"}],"replies":[{"embeddable":true,"href":"https:\/\/leishg.com\/de\/wp-json\/wp\/v2\/comments?post=2013"}],"version-history":[{"count":1,"href":"https:\/\/leishg.com\/de\/wp-json\/wp\/v2\/pages\/2013\/revisions"}],"predecessor-version":[{"id":2014,"href":"https:\/\/leishg.com\/de\/wp-json\/wp\/v2\/pages\/2013\/revisions\/2014"}],"wp:attachment":[{"href":"https:\/\/leishg.com\/de\/wp-json\/wp\/v2\/media?parent=2013"}],"curies":[{"name":"wp","href":"https:\/\/api.w.org\/{rel}","templated":true}]}}