{"id":2160,"date":"2023-06-21T15:38:20","date_gmt":"2023-06-21T12:08:20","guid":{"rendered":"https:\/\/leishg.com\/specifications\/"},"modified":"2024-02-19T16:56:21","modified_gmt":"2024-02-19T13:26:21","slug":"specifications","status":"publish","type":"page","link":"https:\/\/leishg.com\/es\/specifications\/","title":{"rendered":"Especificaciones"},"content":{"rendered":"\t\t<div data-elementor-type=\"wp-page\" data-elementor-id=\"2160\" class=\"elementor elementor-2160 elementor-1341\">\n\t\t\t\t\t\t<section class=\"elementor-section elementor-top-section elementor-element elementor-element-8a6758a elementor-section-boxed elementor-section-height-default elementor-section-height-default\" data-id=\"8a6758a\" data-element_type=\"section\" data-e-type=\"section\">\n\t\t\t\t\t\t<div class=\"elementor-container elementor-column-gap-default\">\n\t\t\t\t\t<div class=\"elementor-column elementor-col-100 elementor-top-column elementor-element elementor-element-d5b844c\" data-id=\"d5b844c\" data-element_type=\"column\" data-e-type=\"column\">\n\t\t\t<div class=\"elementor-widget-wrap elementor-element-populated\">\n\t\t\t\t\t\t<div class=\"elementor-element elementor-element-ee38ddb elementor-widget elementor-widget-cz_title\" data-id=\"ee38ddb\" data-element_type=\"widget\" data-e-type=\"widget\" data-widget_type=\"cz_title.default\">\n\t\t\t\t<div class=\"elementor-widget-container\">\n\t\t\t\t\t\t\r\n\t\t<div>\r\n\t\t\t<div class=\"cz_title clr cz_smart_fs cz_mobile_text_center cz_title_pos_left tac\"><div class=\"cz_title_content\"><div class=\"cz_wpe_content\"><h2 style=\"text-align: center;\"><span style=\"color: #225170;\"><span style=\"font-weight: 200;\">Leish G1 Cream<\/span> <br \/>Tratamiento de la Leishmaniasis Cut\u00e1nea<br \/><\/span><span style=\"color: #225170;\"><span style=\"font-weight: 200; font-size: 20px;\">Extracto de ajo estandarizado por alicina 0.07%<\/span><\/span><\/h2><\/div><\/div><\/div>\r\n\t\t<\/div>\r\n\t\t\r\n\t\t\t\t\t\t<\/div>\n\t\t\t\t<\/div>\n\t\t\t\t<div class=\"elementor-element elementor-element-f46c768 elementor-widget elementor-widget-image\" data-id=\"f46c768\" data-element_type=\"widget\" data-e-type=\"widget\" data-widget_type=\"image.default\">\n\t\t\t\t<div class=\"elementor-widget-container\">\n\t\t\t\t\t\t\t\t\t\t\t\t\t\t\t<img fetchpriority=\"high\" decoding=\"async\" width=\"1024\" height=\"576\" src=\"data:image\/svg+xml,%3Csvg%20xmlns%3D&#39;http%3A%2F%2Fwww.w3.org%2F2000%2Fsvg&#39;%20width=&#39;1024&#39;%20height=&#39;576&#39;%20viewBox%3D&#39;0%200%201024%20576&#39;%2F%3E\" data-czlz data-src=\"https:\/\/leishg.com\/wp-content\/uploads\/2024\/01\/image-1-compressed-105-1024x576-1.jpg\" class=\"attachment-large size-large wp-image-2101\" alt=\"\" data-srcset=\"https:\/\/leishg.com\/wp-content\/uploads\/2024\/01\/image-1-compressed-105-1024x576-1.jpg 1024w, https:\/\/leishg.com\/wp-content\/uploads\/2024\/01\/image-1-compressed-105-1024x576-1-300x169.jpg 300w, https:\/\/leishg.com\/wp-content\/uploads\/2024\/01\/image-1-compressed-105-1024x576-1-768x432.jpg 768w, https:\/\/leishg.com\/wp-content\/uploads\/2024\/01\/image-1-compressed-105-1024x576-1-600x338.jpg 600w\" data-sizes=\"(max-width: 1024px) 100vw, 1024px\" \/>\t\t\t\t\t\t\t\t\t\t\t\t\t\t\t<\/div>\n\t\t\t\t<\/div>\n\t\t\t\t<div class=\"elementor-element elementor-element-65389b4 elementor-widget elementor-widget-text-editor\" data-id=\"65389b4\" data-element_type=\"widget\" data-e-type=\"widget\" data-widget_type=\"text-editor.default\">\n\t\t\t\t<div class=\"elementor-widget-container\">\n\t\t\t\t\t\t\t\t\t<p><span style=\"color: #225170; font-size: 20px;\">Experimente el extraordinario potencial del extracto de ajo con el revolucionario producto de Behpad, Leish G1 Cream, en la lucha contra la leishmaniasis cut\u00e1nea, una enfermedad extendida y devastadora que afecta a poblaciones en todo el mundo. Como enfermedad pand\u00e9mica, la leishmaniasis cut\u00e1nea plantea desaf\u00edos significativos, con pocos esfuerzos exitosos para combatir su impacto en la salud global.<\/span><\/p><p><span style=\"color: #225170; font-size: 20px;\">La leishmaniasis cut\u00e1nea es una enfermedad tropical desatendida causada por el par\u00e1sito Leishmania, transmitido a trav\u00e9s de la picadura de fleb\u00f3tomos infectados. Se manifiesta como lesiones cut\u00e1neas, \u00falceras y n\u00f3dulos, que a menudo provocan desfiguraci\u00f3n, discapacidad y estigmatizaci\u00f3n social grave. La Organizaci\u00f3n Mundial de la Salud estima que se producen m\u00e1s de un mill\u00f3n de casos nuevos cada a\u00f1o, lo que la convierte en una de las enfermedades transmitidas por vectores m\u00e1s prevalentes en todo el mundo.<br \/><\/span><\/p>\t\t\t\t\t\t\t\t<\/div>\n\t\t\t\t<\/div>\n\t\t\t\t<section class=\"elementor-section elementor-inner-section elementor-element elementor-element-2030d89 elementor-section-boxed elementor-section-height-default elementor-section-height-default\" data-id=\"2030d89\" data-element_type=\"section\" data-e-type=\"section\">\n\t\t\t\t\t\t<div class=\"elementor-container elementor-column-gap-default\">\n\t\t\t\t\t<div class=\"elementor-column elementor-col-50 elementor-inner-column elementor-element elementor-element-0b2d8d7\" data-id=\"0b2d8d7\" data-element_type=\"column\" data-e-type=\"column\">\n\t\t\t<div class=\"elementor-widget-wrap elementor-element-populated\">\n\t\t\t\t\t\t<div class=\"elementor-element elementor-element-5d8d0fb elementor-widget elementor-widget-text-editor\" data-id=\"5d8d0fb\" data-element_type=\"widget\" data-e-type=\"widget\" data-widget_type=\"text-editor.default\">\n\t\t\t\t<div class=\"elementor-widget-container\">\n\t\t\t\t\t\t\t\t\t<span style=\"font-size: 20px; color: #225170;\">A pesar de la carga global de la leishmaniasis cut\u00e1nea, los tratamientos e intervenciones efectivas siguen siendo escasos. Esta escasez exige soluciones innovadoras que puedan abordar la necesidad urgente de terapias seguras, accesibles y eficaces. Behpad reconoce este desaf\u00edo apremiante y ha desarrollado Leish G1 Cream como un paso significativo en la lucha contra esta enfermedad devastadora.<\/span>\n\n<span style=\"font-size: 20px; color: #225170;\">Integrando los efectos notables del extracto de ajo, Leish G1 Cream ofrece un enfoque inmunomodulador innovador. Numerosos estudios han demostrado la inhibici\u00f3n del crecimiento de promastigotes de Leishmania y la reducci\u00f3n de amastigotes dentro de macr\u00f3fagos infectados, mostrando el potencial del extracto de ajo en el objetivo del par\u00e1sito. Al activar los macr\u00f3fagos, inducir la apoptosis y ejercer efectos citot\u00f3xicos directos, esta crema innovadora desata el poder del sistema inmunol\u00f3gico para combatir de manera efectiva el par\u00e1sito Leishmania.<\/span>\t\t\t\t\t\t\t\t<\/div>\n\t\t\t\t<\/div>\n\t\t\t\t\t<\/div>\n\t\t<\/div>\n\t\t\t\t<div class=\"elementor-column elementor-col-50 elementor-inner-column elementor-element elementor-element-2ee9cbe\" data-id=\"2ee9cbe\" data-element_type=\"column\" data-e-type=\"column\">\n\t\t\t<div class=\"elementor-widget-wrap elementor-element-populated\">\n\t\t\t\t\t\t<div class=\"elementor-element elementor-element-665ad2c elementor-widget elementor-widget-gallery\" data-id=\"665ad2c\" data-element_type=\"widget\" data-e-type=\"widget\" data-settings=\"{&quot;columns&quot;:1,&quot;gap&quot;:{&quot;unit&quot;:&quot;px&quot;,&quot;size&quot;:34,&quot;sizes&quot;:[]},&quot;lazyload&quot;:&quot;yes&quot;,&quot;gallery_layout&quot;:&quot;grid&quot;,&quot;columns_tablet&quot;:2,&quot;columns_mobile&quot;:1,&quot;gap_tablet&quot;:{&quot;unit&quot;:&quot;px&quot;,&quot;size&quot;:10,&quot;sizes&quot;:[]},&quot;gap_mobile&quot;:{&quot;unit&quot;:&quot;px&quot;,&quot;size&quot;:10,&quot;sizes&quot;:[]},&quot;link_to&quot;:&quot;file&quot;,&quot;aspect_ratio&quot;:&quot;3:2&quot;,&quot;overlay_background&quot;:&quot;yes&quot;,&quot;content_hover_animation&quot;:&quot;fade-in&quot;}\" data-widget_type=\"gallery.default\">\n\t\t\t\t<div class=\"elementor-widget-container\">\n\t\t\t\t\t\t\t<div class=\"elementor-gallery__container\">\n\t\t\t\t\t\t\t<a class=\"e-gallery-item elementor-gallery-item elementor-animated-content\" href=\"https:\/\/leishg.com\/wp-content\/uploads\/2024\/01\/139402061113508825177014.jpg\" data-elementor-open-lightbox=\"yes\" data-elementor-lightbox-slideshow=\"all-665ad2c\" data-elementor-lightbox-title=\"139402061113508825177014\" data-e-action-hash=\"#elementor-action%3Aaction%3Dlightbox%26settings%3DeyJpZCI6MjExMywidXJsIjoiaHR0cHM6XC9cL2xlaXNoZy5jb21cL3dwLWNvbnRlbnRcL3VwbG9hZHNcLzIwMjRcLzAxXC8xMzk0MDIwNjExMTM1MDg4MjUxNzcwMTQuanBnIiwic2xpZGVzaG93IjoiYWxsLTY2NWFkMmMifQ%3D%3D\">\n\t\t\t\t\t<div class=\"e-gallery-image elementor-gallery-item__image\" data-thumbnail=\"https:\/\/leishg.com\/wp-content\/uploads\/2024\/01\/139402061113508825177014-300x209.jpg\" data-width=\"300\" data-height=\"209\" aria-label=\"\" role=\"img\" ><\/div>\n\t\t\t\t\t\t\t\t\t\t\t<div class=\"elementor-gallery-item__overlay\"><\/div>\n\t\t\t\t\t\t\t\t\t\t\t\t\t\t<\/a>\n\t\t\t\t\t\t\t<a class=\"e-gallery-item elementor-gallery-item elementor-animated-content\" href=\"https:\/\/leishg.com\/wp-content\/uploads\/2024\/01\/\u0627\u0644\u062a\u0647\u0627\u0628-\u0632\u062e\u0645.jpg\" data-elementor-open-lightbox=\"yes\" data-elementor-lightbox-slideshow=\"all-665ad2c\" data-elementor-lightbox-title=\"\u0627\u0644\u062a\u0647\u0627\u0628-\u0632\u062e\u0645\" data-e-action-hash=\"#elementor-action%3Aaction%3Dlightbox%26settings%3DeyJpZCI6MjEyMSwidXJsIjoiaHR0cHM6XC9cL2xlaXNoZy5jb21cL3dwLWNvbnRlbnRcL3VwbG9hZHNcLzIwMjRcLzAxXC9cdTA2MjdcdTA2NDRcdTA2MmFcdTA2NDdcdTA2MjdcdTA2MjgtXHUwNjMyXHUwNjJlXHUwNjQ1LmpwZyIsInNsaWRlc2hvdyI6ImFsbC02NjVhZDJjIn0%3D\">\n\t\t\t\t\t<div class=\"e-gallery-image elementor-gallery-item__image\" data-thumbnail=\"https:\/\/leishg.com\/wp-content\/uploads\/2024\/01\/\u0627\u0644\u062a\u0647\u0627\u0628-\u0632\u062e\u0645-300x154.jpg\" data-width=\"300\" data-height=\"154\" aria-label=\"\" role=\"img\" ><\/div>\n\t\t\t\t\t\t\t\t\t\t\t<div class=\"elementor-gallery-item__overlay\"><\/div>\n\t\t\t\t\t\t\t\t\t\t\t\t\t\t<\/a>\n\t\t\t\t\t\t\t<a class=\"e-gallery-item elementor-gallery-item elementor-animated-content\" href=\"https:\/\/leishg.com\/wp-content\/uploads\/2024\/01\/unnamed-2-300x188-1.jpg\" data-elementor-open-lightbox=\"yes\" data-elementor-lightbox-slideshow=\"all-665ad2c\" data-elementor-lightbox-title=\"unnamed-2-300x188\" data-e-action-hash=\"#elementor-action%3Aaction%3Dlightbox%26settings%3DeyJpZCI6MjEyOSwidXJsIjoiaHR0cHM6XC9cL2xlaXNoZy5jb21cL3dwLWNvbnRlbnRcL3VwbG9hZHNcLzIwMjRcLzAxXC91bm5hbWVkLTItMzAweDE4OC0xLmpwZyIsInNsaWRlc2hvdyI6ImFsbC02NjVhZDJjIn0%3D\">\n\t\t\t\t\t<div class=\"e-gallery-image elementor-gallery-item__image\" data-thumbnail=\"https:\/\/leishg.com\/wp-content\/uploads\/2024\/01\/unnamed-2-300x188-1.jpg\" data-width=\"300\" data-height=\"188\" aria-label=\"\" role=\"img\" ><\/div>\n\t\t\t\t\t\t\t\t\t\t\t<div class=\"elementor-gallery-item__overlay\"><\/div>\n\t\t\t\t\t\t\t\t\t\t\t\t\t\t<\/a>\n\t\t\t\t\t<\/div>\n\t\t\t\t\t<\/div>\n\t\t\t\t<\/div>\n\t\t\t\t\t<\/div>\n\t\t<\/div>\n\t\t\t\t\t<\/div>\n\t\t<\/section>\n\t\t\t\t<div class=\"elementor-element elementor-element-fb7c4ff elementor-widget elementor-widget-text-editor\" data-id=\"fb7c4ff\" data-element_type=\"widget\" data-e-type=\"widget\" data-widget_type=\"text-editor.default\">\n\t\t\t\t<div class=\"elementor-widget-container\">\n\t\t\t\t\t\t\t\t\t<p><span style=\"color: #225170; font-size: 20px; font-family: var( --e-global-typography-text-font-family ), Sans-serif; font-weight: var( --e-global-typography-text-font-weight );\">Adem\u00e1s, el inmunomodulador derivado del extracto de ajo en Leish G1 Cream aborda los mecanismos complejos que contribuyen a la supervivencia del par\u00e1sito. Al mejorar la secreci\u00f3n de citocinas Th1 y potenciar las respuestas de los macr\u00f3fagos, revitaliza el sistema inmunol\u00f3gico, fomentando as\u00ed una defensa m\u00e1s s\u00f3lida contra Leishmania. Este enfoque integral representa un avance significativo en el tratamiento de la leishmaniasis cut\u00e1nea, ofreciendo esperanza y alivio a millones de personas afectadas en todo el mundo.<br \/>Leish G1 Cream ofrece una serie de ventajas que solidifican a\u00fan m\u00e1s su posici\u00f3n como una soluci\u00f3n revolucionaria para la leishmaniasis cut\u00e1nea:<br \/><\/span><\/p><ul><li><span style=\"color: #225170; font-size: 20px; font-family: var( --e-global-typography-text-font-family ), Sans-serif; font-weight: var( --e-global-typography-text-font-weight );\">Leish G1 Cream previene la formaci\u00f3n de escaras cuando se usa en las etapas iniciales de las heridas o lesiones menores. Al abordar la herida en una etapa temprana, promueve resultados \u00f3ptimos de cicatrizaci\u00f3n, previniendo el desarrollo de escaras y facilitando un proceso de recuperaci\u00f3n m\u00e1s eficiente.<\/span><\/li><li><span style=\"font-size: 20px; color: #225170;\">La crema no solo trata la leishmaniasis cut\u00e1nea, sino que tambi\u00e9n ayuda a reparar las lesiones a trav\u00e9s de varios mecanismos. Sus propiedades inmunomoduladoras mejoran la respuesta inmunitaria contra el par\u00e1sito, lo que lleva a la resoluci\u00f3n de las lesiones y promueve la regeneraci\u00f3n de tejido saludable.<\/span><\/li><li><span style=\"font-size: 20px; color: #225170;\">Adem\u00e1s de su indicaci\u00f3n principal, Leish G1 Cream tambi\u00e9n es efectiva en el tratamiento de diversas lesiones cut\u00e1neas infectadas. Su acci\u00f3n multifac\u00e9tica se dirige a la infecci\u00f3n subyacente, facilitando el proceso de cicatrizaci\u00f3n y mejorando los resultados generales del paciente.<\/span><\/li><\/ul><p><span style=\"color: #225170; font-size: 20px;\">Al incorporar estas ventajas, Leish G1 Cream proporciona una soluci\u00f3n integral que aborda los desaf\u00edos \u00fanicos planteados por la leishmaniasis cut\u00e1nea. Su capacidad para prevenir la formaci\u00f3n de escaras, mejorar la cicatrizaci\u00f3n de heridas y tratar una variedad de lesiones infectadas ejemplifica la eficacia y versatilidad de la crema.<\/span><br \/><span style=\"color: #225170; font-size: 20px;\">Cabe destacar que existen muy pocos esfuerzos que hayan logrado combatir con \u00e9xito los desaf\u00edos planteados por la leishmaniasis cut\u00e1nea. Como tal, el compromiso de Behpad con la investigaci\u00f3n y el desarrollo, as\u00ed como la eficacia comprobada de Leish G1 Cream, lo distingue como una fuerza pionera en la lucha contra esta enfermedad devastadora. La avanzada formulaci\u00f3n de la crema, respaldada por una amplia literatura cient\u00edfica, la posiciona como una soluci\u00f3n revolucionaria que aborda la urgente preocupaci\u00f3n de salud global que presenta la leishmaniasis cut\u00e1nea.<\/span><br \/><span style=\"color: #225170; font-size: 20px;\">Behpad se mantiene comprometido con el avance del campo del tratamiento de la leishmaniasis cut\u00e1nea a trav\u00e9s de continuos esfuerzos de investigaci\u00f3n y desarrollo. Al proporcionar Leish G1 Cream, nos esforzamos por tener un impacto significativo en la vida de las personas afectadas por esta enfermedad devastadora. Juntos, sigamos adelante en la batalla contra la leishmaniasis cut\u00e1nea, llevando esperanza, curaci\u00f3n y un futuro m\u00e1s brillante a comunidades en todo el mundo.<\/span><\/p>\t\t\t\t\t\t\t\t<\/div>\n\t\t\t\t<\/div>\n\t\t\t\t<section class=\"elementor-section elementor-inner-section elementor-element elementor-element-dc3151e elementor-section-boxed elementor-section-height-default elementor-section-height-default\" data-id=\"dc3151e\" data-element_type=\"section\" data-e-type=\"section\">\n\t\t\t\t\t\t<div class=\"elementor-container elementor-column-gap-default\">\n\t\t\t\t\t<div class=\"elementor-column elementor-col-50 elementor-inner-column elementor-element elementor-element-ab08ab6\" data-id=\"ab08ab6\" data-element_type=\"column\" data-e-type=\"column\">\n\t\t\t<div class=\"elementor-widget-wrap elementor-element-populated\">\n\t\t\t\t\t\t<div class=\"elementor-element elementor-element-0b07fbf elementor-widget elementor-widget-text-editor\" data-id=\"0b07fbf\" data-element_type=\"widget\" data-e-type=\"widget\" data-widget_type=\"text-editor.default\">\n\t\t\t\t<div class=\"elementor-widget-container\">\n\t\t\t\t\t\t\t\t\t<h2><span style=\"font-size: 24px;\"><strong><span style=\"color: #225170;\">Indication:<\/span><\/strong><\/span><\/h2><p><span style=\"color: #225170;\"><img decoding=\"async\" class=\"emoji\" role=\"img\" draggable=\"false\" src=\"data:image\/svg+xml,%3Csvg%20xmlns%3D&#39;http%3A%2F%2Fwww.w3.org%2F2000%2Fsvg&#39;%20width=&#39;_w_&#39;%20height=&#39;_h_&#39;%20viewBox%3D&#39;0%200%20_w_%20_h_&#39;%2F%3E\" data-czlz data-src=\"https:\/\/s.w.org\/images\/core\/emoji\/14.0.0\/svg\/2714.svg\" alt=\"\u2714\" \/> Tratamiento de la leishmaniasis cut\u00e1nea<\/span><br \/><span style=\"color: #225170;\"><img decoding=\"async\" class=\"emoji\" role=\"img\" draggable=\"false\" src=\"data:image\/svg+xml,%3Csvg%20xmlns%3D&#39;http%3A%2F%2Fwww.w3.org%2F2000%2Fsvg&#39;%20width=&#39;_w_&#39;%20height=&#39;_h_&#39;%20viewBox%3D&#39;0%200%20_w_%20_h_&#39;%2F%3E\" data-czlz data-src=\"https:\/\/s.w.org\/images\/core\/emoji\/14.0.0\/svg\/2714.svg\" alt=\"\u2714\" \/> Tratamiento de lesiones cut\u00e1neas infectadas<\/span><\/p><p><span style=\"color: #225170;\"><strong><span style=\"font-size: 24px;\">Instrucciones:<\/span><\/strong> Adultos usar dos veces al d\u00eda t\u00f3picamente en las lesiones cut\u00e1neas de leishmaniasis<\/span><\/p><p><span style=\"color: #225170;\"><strong><span style=\"font-size: 24px;\">Presentaci\u00f3n:<\/span><\/strong> Tubo de 30g<\/span><\/p>\t\t\t\t\t\t\t\t<\/div>\n\t\t\t\t<\/div>\n\t\t\t\t\t<\/div>\n\t\t<\/div>\n\t\t\t\t<div class=\"elementor-column elementor-col-50 elementor-inner-column elementor-element elementor-element-22a8d94\" data-id=\"22a8d94\" data-element_type=\"column\" data-e-type=\"column\">\n\t\t\t<div class=\"elementor-widget-wrap elementor-element-populated\">\n\t\t\t\t\t\t<div class=\"elementor-element elementor-element-97ad57f elementor-widget elementor-widget-image\" data-id=\"97ad57f\" data-element_type=\"widget\" data-e-type=\"widget\" data-widget_type=\"image.default\">\n\t\t\t\t<div class=\"elementor-widget-container\">\n\t\t\t\t\t\t\t\t\t\t\t\t\t\t\t\t<a href=\"https:\/\/leishg.com\/contact-us\/\">\n\t\t\t\t\t\t\t<img decoding=\"async\" src=\"data:image\/svg+xml,%3Csvg%20xmlns%3D&#39;http%3A%2F%2Fwww.w3.org%2F2000%2Fsvg&#39;%20width=&#39;_w_&#39;%20height=&#39;_h_&#39;%20viewBox%3D&#39;0%200%20_w_%20_h_&#39;%2F%3E\" data-czlz data-src=\"https:\/\/leishg.com\/wp-content\/uploads\/elementor\/thumbs\/LeishG1-price-q8d1y14mttjt8im9fq6iku3hc5sesuxwkdtmrzal54.jpg\" title=\"LeishG1-price\" alt=\"LeishG1-price\" loading=\"lazy\" \/>\t\t\t\t\t\t\t\t<\/a>\n\t\t\t\t\t\t\t\t\t\t\t\t\t\t\t<\/div>\n\t\t\t\t<\/div>\n\t\t\t\t\t<\/div>\n\t\t<\/div>\n\t\t\t\t\t<\/div>\n\t\t<\/section>\n\t\t\t\t<div class=\"elementor-element elementor-element-3575569 elementor-widget elementor-widget-text-editor\" data-id=\"3575569\" data-element_type=\"widget\" data-e-type=\"widget\" data-widget_type=\"text-editor.default\">\n\t\t\t\t<div class=\"elementor-widget-container\">\n\t\t\t\t\t\t\t\t\t<h2><span style=\"color: #225170; font-size: 24px; font-family: var( --e-global-typography-text-font-family ), Sans-serif;\">Referencias:<\/span><\/h2>\n<p><span style=\"color: #225170;\"><img decoding=\"async\" class=\"emoji\" role=\"img\" draggable=\"false\" src=\"data:image\/svg+xml,%3Csvg%20xmlns%3D&#39;http%3A%2F%2Fwww.w3.org%2F2000%2Fsvg&#39;%20width=&#39;_w_&#39;%20height=&#39;_h_&#39;%20viewBox%3D&#39;0%200%20_w_%20_h_&#39;%2F%3E\" data-czlz data-src=\"https:\/\/s.w.org\/images\/core\/emoji\/14.0.0\/svg\/2714.svg\" alt=\"\u2714\"> Ghazanfari, T., Hassan, Z. M., &amp; Ebrahimi, M. (2002). Immunomodulatory activity of a protein isolated from garlic extract on delayed type hypersensitivity. International immunopharmacology, 2(11), 1541-1549.<\/span><\/p><p><img decoding=\"async\" class=\"emoji\" role=\"img\" draggable=\"false\" src=\"data:image\/svg+xml,%3Csvg%20xmlns%3D&#39;http%3A%2F%2Fwww.w3.org%2F2000%2Fsvg&#39;%20width=&#39;_w_&#39;%20height=&#39;_h_&#39;%20viewBox%3D&#39;0%200%20_w_%20_h_&#39;%2F%3E\" data-czlz data-src=\"https:\/\/s.w.org\/images\/core\/emoji\/14.0.0\/svg\/2714.svg\" alt=\"\u2714\" style=\"color: rgb(34, 81, 112); font-family: var( --e-global-typography-text-font-family ), Sans-serif; font-weight: var( --e-global-typography-text-font-weight ); background-color: rgb(255, 255, 255);\"><span style=\"color: rgb(34, 81, 112); font-family: var( --e-global-typography-text-font-family ), Sans-serif; font-weight: var( --e-global-typography-text-font-weight );\"> Ghazanfari, T., Yaraee, Roya, Asoode, A., Rajabian, T., Kardar, M., Hassan, Z. M., &#8230; &amp; Jamali, D. (2009). Purification of Immunomodulator Fraction Components of Garlic (R10) by HPLC. Journal of Medicinal Plants, 8(29), 100-106.<\/span><\/p><p><img decoding=\"async\" class=\"emoji\" role=\"img\" draggable=\"false\" src=\"data:image\/svg+xml,%3Csvg%20xmlns%3D&#39;http%3A%2F%2Fwww.w3.org%2F2000%2Fsvg&#39;%20width=&#39;_w_&#39;%20height=&#39;_h_&#39;%20viewBox%3D&#39;0%200%20_w_%20_h_&#39;%2F%3E\" data-czlz data-src=\"https:\/\/s.w.org\/images\/core\/emoji\/14.0.0\/svg\/2714.svg\" alt=\"\u2714\" style=\"color: rgb(34, 81, 112); font-family: var( --e-global-typography-text-font-family ), Sans-serif; font-weight: var( --e-global-typography-text-font-weight ); background-color: rgb(255, 255, 255);\"><span style=\"color: rgb(34, 81, 112); font-family: var( --e-global-typography-text-font-family ), Sans-serif; font-weight: var( --e-global-typography-text-font-weight );\"> Radjabian, T., Hosseinpur Yektaei, Z., Ghazanfari, T., Nasiri, Z., &amp; Fotovvat, M. (2019). The immunoregulatory effects of four Allium species on macrophages and lymphocytes viability. Immunoregulation, 2(1), 25-34.<\/span><\/p><p><img decoding=\"async\" class=\"emoji\" role=\"img\" draggable=\"false\" src=\"data:image\/svg+xml,%3Csvg%20xmlns%3D&#39;http%3A%2F%2Fwww.w3.org%2F2000%2Fsvg&#39;%20width=&#39;_w_&#39;%20height=&#39;_h_&#39;%20viewBox%3D&#39;0%200%20_w_%20_h_&#39;%2F%3E\" data-czlz data-src=\"https:\/\/s.w.org\/images\/core\/emoji\/14.0.0\/svg\/2714.svg\" alt=\"\u2714\" style=\"color: rgb(34, 81, 112); font-family: var( --e-global-typography-text-font-family ), Sans-serif; font-weight: var( --e-global-typography-text-font-weight ); background-color: rgb(255, 255, 255);\"><span style=\"color: rgb(34, 81, 112); font-family: var( --e-global-typography-text-font-family ), Sans-serif; font-weight: var( --e-global-typography-text-font-weight );\"> Ghazanfari, T., Hassan, Z. M., &amp; Khamesipour, A. (2006). Enhancement of peritoneal macrophage phagocytic activity against Leishmania major by garlic (Allium sativum) treatment. Journal of Ethnopharmacology, 103(3), 333-337.<\/span><\/p><p><img decoding=\"async\" class=\"emoji\" role=\"img\" draggable=\"false\" src=\"data:image\/svg+xml,%3Csvg%20xmlns%3D&#39;http%3A%2F%2Fwww.w3.org%2F2000%2Fsvg&#39;%20width=&#39;_w_&#39;%20height=&#39;_h_&#39;%20viewBox%3D&#39;0%200%20_w_%20_h_&#39;%2F%3E\" data-czlz data-src=\"https:\/\/s.w.org\/images\/core\/emoji\/14.0.0\/svg\/2714.svg\" alt=\"\u2714\" style=\"color: rgb(34, 81, 112); font-family: var( --e-global-typography-text-font-family ), Sans-serif; font-weight: var( --e-global-typography-text-font-weight ); background-color: rgb(255, 255, 255);\"><span style=\"color: rgb(34, 81, 112); font-family: var( --e-global-typography-text-font-family ), Sans-serif; font-weight: var( --e-global-typography-text-font-weight );\"> Ghazanfari, T., Hassan, Z. M., Ebtekar, M., Ahmadiani, A., Naderi, G., &amp; Azar, A. (2000). Garlic induces a shift in cytokine pattern in Leishmania major\u2010infected Balb\/c mice. Scandinavian Journal of Immunology, 52(5), 491-495.&lt;\/span&gt;<\/span><\/p>\t\t\t\t\t\t\t\t<\/div>\n\t\t\t\t<\/div>\n\t\t\t\t\t<\/div>\n\t\t<\/div>\n\t\t\t\t\t<\/div>\n\t\t<\/section>\n\t\t\t\t<\/div>\n\t\t","protected":false},"excerpt":{"rendered":"<p>Leish G1 Cream Tratamiento de la Leishmaniasis Cut\u00e1neaExtracto de ajo estandarizado &#8230; <\/p>\n","protected":false},"author":1,"featured_media":0,"parent":0,"menu_order":0,"comment_status":"closed","ping_status":"closed","template":"","meta":{"footnotes":""},"class_list":["post-2160","page","type-page","status-publish","hentry"],"_links":{"self":[{"href":"https:\/\/leishg.com\/es\/wp-json\/wp\/v2\/pages\/2160","targetHints":{"allow":["GET"]}}],"collection":[{"href":"https:\/\/leishg.com\/es\/wp-json\/wp\/v2\/pages"}],"about":[{"href":"https:\/\/leishg.com\/es\/wp-json\/wp\/v2\/types\/page"}],"author":[{"embeddable":true,"href":"https:\/\/leishg.com\/es\/wp-json\/wp\/v2\/users\/1"}],"replies":[{"embeddable":true,"href":"https:\/\/leishg.com\/es\/wp-json\/wp\/v2\/comments?post=2160"}],"version-history":[{"count":15,"href":"https:\/\/leishg.com\/es\/wp-json\/wp\/v2\/pages\/2160\/revisions"}],"predecessor-version":[{"id":2176,"href":"https:\/\/leishg.com\/es\/wp-json\/wp\/v2\/pages\/2160\/revisions\/2176"}],"wp:attachment":[{"href":"https:\/\/leishg.com\/es\/wp-json\/wp\/v2\/media?parent=2160"}],"curies":[{"name":"wp","href":"https:\/\/api.w.org\/{rel}","templated":true}]}}