{"id":2083,"date":"2017-06-10T08:34:22","date_gmt":"2017-06-10T04:04:22","guid":{"rendered":"https:\/\/leishg.com\/faqs\/"},"modified":"2023-11-18T16:48:29","modified_gmt":"2023-11-18T13:18:29","slug":"faqs","status":"publish","type":"page","link":"https:\/\/leishg.com\/fr\/faqs\/","title":{"rendered":"FAQs"},"content":{"rendered":"\t\t<div data-elementor-type=\"wp-page\" data-elementor-id=\"2083\" class=\"elementor elementor-2083 elementor-19\">\n\t\t\t\t\t\t<section class=\"elementor-section elementor-top-section elementor-element elementor-element-afd2cb1 elementor-section-stretched elementor-section-boxed elementor-section-height-default elementor-section-height-default\" data-id=\"afd2cb1\" data-element_type=\"section\" data-e-type=\"section\" data-settings=\"{&quot;stretch_section&quot;:&quot;section-stretched&quot;}\">\n\t\t\t\t\t\t<div class=\"elementor-container elementor-column-gap-default\">\n\t\t\t\t\t<div class=\"elementor-column elementor-col-66 elementor-top-column elementor-element elementor-element-85b0f79\" data-id=\"85b0f79\" data-element_type=\"column\" data-e-type=\"column\">\n\t\t\t<div class=\"elementor-widget-wrap elementor-element-populated\">\n\t\t\t\t\t\t<div class=\"elementor-element elementor-element-0cc1093 elementor-widget elementor-widget-cz_title\" data-id=\"0cc1093\" data-element_type=\"widget\" data-e-type=\"widget\" data-widget_type=\"cz_title.default\">\n\t\t\t\t<div class=\"elementor-widget-container\">\n\t\t\t\t\t\t\r\n\t\t<div>\r\n\t\t\t<div class=\"cz_title clr cz_title_has_icon cz_title_pos_inline\"><div class=\"cz_title_content\"><i class=\"cz_title_icon_before fa fa-question-circle-o\"><\/i><div class=\"cz_wpe_content\"><h3><span style=\"font-family: inherit; color: #225170;\"><strong>FAQs<\/strong><\/span><\/h3>\n<\/div><\/div><\/div>\r\n\t\t<\/div>\r\n\t\t\r\n\t\t\t\t\t\t<\/div>\n\t\t\t\t<\/div>\n\t\t\t\t<div class=\"elementor-element elementor-element-7c23f8c elementor-widget elementor-widget-cz_accordion\" data-id=\"7c23f8c\" data-element_type=\"widget\" data-e-type=\"widget\" data-widget_type=\"cz_accordion.default\">\n\t\t\t\t<div class=\"elementor-widget-container\">\n\t\t\t\t\t<div data-arrows='{\"open\":\"fa czico-200-down-arrow\",\"close\":\"fa czico-199-up-arrow\"}' class=\"cz_acc clr cz_acc_first_open\"><div><div class=\"elementor-repeater-item-f05c013\"><span class=\"cz_acc_child\"><div>Qu'est-ce que la Cr\u00e8me Leish G1 ?<\/div><\/span><div class=\"cz_acc_child_content clr\"><p>La Cr\u00e8me Leish G1 est un produit pharmaceutique hautement avanc\u00e9 d\u00e9velopp\u00e9 par Behpad pour traiter efficacement la leishmaniose cutan\u00e9e.<\/p>\n<\/div><\/div><div class=\"elementor-repeater-item-c4b3637\"><span class=\"cz_acc_child\"><div>Comment fonctionne la Cr\u00e8me Leish G1 ?<\/div><\/span><div class=\"cz_acc_child_content clr\"><p>La Cr\u00e8me Leish G1 agit par plusieurs m\u00e9canismes, y compris en renfor\u00e7ant la r\u00e9ponse du syst\u00e8me immunitaire, en inhibant la croissance du parasite et en favorisant la cicatrisation des plaies.<\/p>\n<\/div><\/div><div class=\"elementor-repeater-item-166b7c4\"><span class=\"cz_acc_child\"><div>Y a-t-il des effets secondaires associ\u00e9s \u00e0 la Cr\u00e8me Leish G1 ?<\/div><\/span><div class=\"cz_acc_child_content clr\"><p>La Cr\u00e8me Leish G1 a \u00e9t\u00e9 sp\u00e9cifiquement formul\u00e9e pour minimiser les effets secondaires syst\u00e9miques, ce qui en fait une option de traitement s\u00fbre et bien tol\u00e9r\u00e9e.<\/p>\n<\/div><\/div><div class=\"elementor-repeater-item-3f7120f\"><span class=\"cz_acc_child\"><div>La Cr\u00e8me Leish G1 convient-elle \u00e0 tous les types de leishmaniose cutan\u00e9e ?<\/div><\/span><div class=\"cz_acc_child_content clr\"><p>La Cr\u00e8me Leish G1 est con\u00e7ue pour traiter divers types de l\u00e9sions cutan\u00e9es infect\u00e9es, offrant une solution compl\u00e8te pour diff\u00e9rentes manifestations de la maladie.<\/p>\n<\/div><\/div><div class=\"elementor-repeater-item-3cb1cfd\"><span class=\"cz_acc_child\"><div>La Cr\u00e8me Leish G1 convient-elle \u00e0 tous les types de leishmaniose cutan\u00e9e?<\/div><\/span><div class=\"cz_acc_child_content clr\"><p>La Cr\u00e8me Leish G1 est con\u00e7ue pour traiter divers types de l\u00e9sions cutan\u00e9es infect\u00e9es, offrant une solution compl\u00e8te pour diff\u00e9rentes manifestations de la maladie.<\/p>\n<\/div><\/div><div class=\"elementor-repeater-item-9ecfd86\"><span class=\"cz_acc_child\"><div>La Cr\u00e8me Leish G1 a-t-elle subi des essais cliniques ?<\/div><\/span><div class=\"cz_acc_child_content clr\"><p>Oui, la Cr\u00e8me Leish G1 a r\u00e9ussi \u00e0 subir des essais cliniques rigoureux, d\u00e9montrant son efficacit\u00e9 et sa s\u00e9curit\u00e9.<\/p>\n<\/div><\/div><div class=\"elementor-repeater-item-cf4c027\"><span class=\"cz_acc_child\"><div>Qu'est-ce qui rend la Cr\u00e8me Leish G1 unique par rapport \u00e0 d'autres traitements ?<\/div><\/span><div class=\"cz_acc_child_content clr\"><p>La Cr\u00e8me Leish G1 se distingue gr\u00e2ce \u00e0 sa formulation de haute technologie, ses recherches approfondies couvrant plus de 20 ans, et sa capacit\u00e9 \u00e0 traiter plusieurs aspects de la maladie.<\/p>\n<\/div><\/div><div class=\"elementor-repeater-item-94279e4\"><span class=\"cz_acc_child\"><div>Combien de temps faut-il pour voir les r\u00e9sultats avec la Cr\u00e8me Leish G1 ?<\/div><\/span><div class=\"cz_acc_child_content clr\"><p>La dur\u00e9e du traitement peut varier selon la gravit\u00e9 de la condition, mais des am\u00e9liorations significatives peuvent souvent \u00eatre observ\u00e9es en quelques semaines d'utilisation r\u00e9guli\u00e8re.<\/p>\n<\/div><\/div><div class=\"elementor-repeater-item-6c2501f\"><span class=\"cz_acc_child\"><div>La Cr\u00e8me Leish G1 convient-elle aux enfants?<\/div><\/span><div class=\"cz_acc_child_content clr\"><p>Oui, la Cr\u00e8me Leish G1 est s\u00fbre et adapt\u00e9e aux enfants. Cependant, il est recommand\u00e9 de consulter un professionnel de la sant\u00e9 pour des conseils sur l'utilisation et la posologie appropri\u00e9es pour les enfants.<\/p>\n<\/div><\/div><div class=\"elementor-repeater-item-5ce4115\"><span class=\"cz_acc_child\"><div>O\u00f9 puis-je acheter la Cr\u00e8me Leish G1 ?<\/div><\/span><div class=\"cz_acc_child_content clr\"><p>La Cr\u00e8me Leish G1 est disponible \u00e0 l'achat aupr\u00e8s de d\u00e9taillants ou distributeurs autoris\u00e9s. Nous accueillons les demandes de nouvelles zones int\u00e9ress\u00e9es \u00e0 distribuer le m\u00e9dicament. Veuillez visiter notre site web ou nous contacter pour plus d'informations sur les options d'achat.<\/p>\n<\/div><\/div><\/div><\/div>\t\t\t\t<\/div>\n\t\t\t\t<\/div>\n\t\t\t\t<div class=\"elementor-element elementor-element-0ebdadb elementor-widget elementor-widget-cz_gap\" data-id=\"0ebdadb\" data-element_type=\"widget\" data-e-type=\"widget\" data-widget_type=\"cz_gap.default\">\n\t\t\t\t<div class=\"elementor-widget-container\">\n\t\t\t\t\t<div class=\"cz_gap clr\"><\/div>\t\t\t\t<\/div>\n\t\t\t\t<\/div>\n\t\t\t\t<div class=\"elementor-element elementor-element-7a2f7e8 elementor-widget elementor-widget-cz_title\" data-id=\"7a2f7e8\" data-element_type=\"widget\" data-e-type=\"widget\" data-widget_type=\"cz_title.default\">\n\t\t\t\t<div class=\"elementor-widget-container\">\n\t\t\t\t\t\t\r\n\t\t<div>\r\n\t\t\t<div class=\"cz_title clr cz_title_has_icon cz_title_pos_inline\"><div class=\"cz_title_content\"><i class=\"cz_title_icon_before fa fa-question-circle-o\"><\/i><div class=\"cz_wpe_content\"><h3><span style=\"font-family: inherit; color: #225170;\"><strong>D'autres questions<\/strong><\/span><\/h3>\n<\/div><\/div><\/div>\r\n\t\t<\/div>\r\n\t\t\r\n\t\t\t\t\t\t<\/div>\n\t\t\t\t<\/div>\n\t\t\t\t<div class=\"elementor-element elementor-element-68dc887 elementor-widget elementor-widget-cz_accordion\" data-id=\"68dc887\" data-element_type=\"widget\" data-e-type=\"widget\" data-widget_type=\"cz_accordion.default\">\n\t\t\t\t<div class=\"elementor-widget-container\">\n\t\t\t\t\t<div data-arrows='{\"open\":\"fa czico-200-down-arrow\",\"close\":\"fa czico-199-up-arrow\"}' class=\"cz_acc clr cz_acc_first_open\"><div><div class=\"elementor-repeater-item-f05c013\"><span class=\"cz_acc_child\"><div>Y a-t-il des pr\u00e9cautions ou des contre-indications \u00e0 l'utilisation de la Cr\u00e8me Leish G1 ?<\/div><\/span><div class=\"cz_acc_child_content clr\"><p>Bien que la Cr\u00e8me Leish G1 soit g\u00e9n\u00e9ralement s\u00fbre \u00e0 utiliser, il est recommand\u00e9 de suivre les instructions fournies et de consulter un professionnel de la sant\u00e9 si vous avez des pr\u00e9occupations sp\u00e9cifiques ou des conditions m\u00e9dicales.<\/p>\n<\/div><\/div><\/div><\/div>\t\t\t\t<\/div>\n\t\t\t\t<\/div>\n\t\t\t\t\t<\/div>\n\t\t<\/div>\n\t\t\t\t<div class=\"elementor-column elementor-col-33 elementor-top-column elementor-element elementor-element-621c86a\" data-id=\"621c86a\" data-element_type=\"column\" data-e-type=\"column\">\n\t\t\t<div class=\"elementor-widget-wrap elementor-element-populated\">\n\t\t\t\t\t\t<div class=\"elementor-element elementor-element-8e5c8f6 elementor-widget elementor-widget-cz_title\" data-id=\"8e5c8f6\" data-element_type=\"widget\" data-e-type=\"widget\" data-widget_type=\"cz_title.default\">\n\t\t\t\t<div class=\"elementor-widget-container\">\n\t\t\t\t\t\t\r\n\t\t<div>\r\n\t\t\t<div class=\"cz_title clr cz_title_has_icon cz_title_pos_inline\"><div class=\"cz_title_content\"><i class=\"cz_title_icon_before fa czico-002-communication\"><\/i><div class=\"cz_wpe_content\"><h3><span style=\"font-family: inherit; color: #225170;\"><strong>demandez nous<br \/>\n<\/strong><\/span><\/h3>\n<\/div><\/div><\/div>\r\n\t\t<\/div>\r\n\t\t\r\n\t\t\t\t\t\t<\/div>\n\t\t\t\t<\/div>\n\t\t\t\t<div class=\"elementor-element elementor-element-2273bb1 elementor-widget elementor-widget-cz_contact_form_7\" data-id=\"2273bb1\" data-element_type=\"widget\" data-e-type=\"widget\" data-widget_type=\"cz_contact_form_7.default\">\n\t\t\t\t<div class=\"elementor-widget-container\">\n\t\t\t\t\t\t\t<div class=\"cz_cf7 clr\">\r\n\t\t\t<div>\n<div class=\"wpcf7 no-js\" id=\"wpcf7-f1286-o1\" lang=\"en-US\" dir=\"ltr\" data-wpcf7-id=\"1286\">\n<div class=\"screen-reader-response\"><p role=\"status\" aria-live=\"polite\" aria-atomic=\"true\"><\/p> <ul><\/ul><\/div>\n<form action=\"\/fr\/wp-json\/wp\/v2\/pages\/2083#wpcf7-f1286-o1\" method=\"post\" class=\"wpcf7-form init\" aria-label=\"Contact form\" novalidate=\"novalidate\" data-status=\"init\">\n<fieldset class=\"hidden-fields-container\"><input type=\"hidden\" name=\"_wpcf7\" value=\"1286\" \/><input type=\"hidden\" name=\"_wpcf7_version\" value=\"6.1.5\" \/><input type=\"hidden\" name=\"_wpcf7_locale\" value=\"en_US\" \/><input type=\"hidden\" name=\"_wpcf7_unit_tag\" value=\"wpcf7-f1286-o1\" \/><input type=\"hidden\" name=\"_wpcf7_container_post\" value=\"0\" \/><input type=\"hidden\" name=\"_wpcf7_posted_data_hash\" value=\"\" \/>\n<\/fieldset>\n<p><label> Your Name<br \/>\n<span class=\"wpcf7-form-control-wrap\" data-name=\"your-name\"><input size=\"40\" maxlength=\"400\" class=\"wpcf7-form-control wpcf7-text wpcf7-validates-as-required\" autocomplete=\"name\" aria-required=\"true\" aria-invalid=\"false\" value=\"\" type=\"text\" name=\"your-name\" \/><\/span> <\/label>\n<\/p>\n<p><label> Your Email<br \/>\n<span class=\"wpcf7-form-control-wrap\" data-name=\"your-email\"><input size=\"40\" maxlength=\"400\" class=\"wpcf7-form-control wpcf7-email wpcf7-validates-as-required wpcf7-text wpcf7-validates-as-email\" autocomplete=\"email\" aria-required=\"true\" aria-invalid=\"false\" value=\"\" type=\"email\" name=\"your-email\" \/><\/span> <\/label>\n<\/p>\n<p><label> Phone Number<br \/>\n<span class=\"wpcf7-form-control-wrap\" data-name=\"your-number\"><input size=\"40\" maxlength=\"400\" class=\"wpcf7-form-control wpcf7-text wpcf7-validates-as-required\" aria-required=\"true\" aria-invalid=\"false\" value=\"\" type=\"text\" name=\"your-number\" \/><\/span> <\/label>\n<\/p>\n<p><label> Subject<br \/>\n<span class=\"wpcf7-form-control-wrap\" data-name=\"your-subject\"><input size=\"40\" maxlength=\"400\" class=\"wpcf7-form-control wpcf7-text wpcf7-validates-as-required\" aria-required=\"true\" aria-invalid=\"false\" value=\"\" type=\"text\" name=\"your-subject\" \/><\/span> <\/label>\n<\/p>\n<p><label> Your Message<br \/>\n<span class=\"wpcf7-form-control-wrap\" data-name=\"your-message\"><textarea cols=\"40\" rows=\"10\" maxlength=\"2000\" class=\"wpcf7-form-control wpcf7-textarea\" aria-invalid=\"false\" name=\"your-message\"><\/textarea><\/span> <\/label><br \/>\n<span class=\"wpcf7-form-control-wrap kc_captcha\" data-name=\"kc_captcha\"><span class=\"wpcf7-form-control wpcf7-radio\"><span class=\"captcha-image\" ><span class=\"cf7ic_instructions\">Please prove you are human by selecting the<span> heart<\/span>.<\/span><label><input aria-label=\"1\" type=\"radio\" name=\"kc_captcha\" value=\"kc_human\" \/><svg width=\"50\" height=\"50\" aria-hidden=\"true\" role=\"img\" xmlns=\"http:\/\/www.w3.org\/2000\/svg\" viewBox=\"0 0 576 512\"><path fill=\"currentColor\" d=\"M415 24c-53 0-103 42-127 65-24-23-74-65-127-65C70 24 16 77 16 166c0 72 67 133 69 135l187 181c9 8 23 8 32 0l187-180c2-3 69-64 69-136 0-89-54-142-145-142z\"\/><\/svg><\/label><label><input aria-label=\"2\" type=\"radio\" name=\"kc_captcha\" value=\"bot\" \/><svg width=\"50\" height=\"50\" aria-hidden=\"true\" role=\"img\" xmlns=\"http:\/\/www.w3.org\/2000\/svg\" viewBox=\"0 0 576 512\"><path fill=\"currentColor\" d=\"M488 313v143c0 13-11 24-24 24H348c-7 0-12-5-12-12V356c0-7-5-12-12-12h-72c-7 0-12 5-12 12v112c0 7-5 12-12 12H112c-13 0-24-11-24-24V313c0-4 2-7 4-10l188-154c5-4 11-4 16 0l188 154c2 3 4 6 4 10zm84-61l-84-69V44c0-6-5-12-12-12h-56c-7 0-12 6-12 12v73l-89-74a48 48 0 00-61 0L4 252c-5 4-5 12-1 17l25 31c5 5 12 5 17 1l235-193c5-4 11-4 16 0l235 193c5 5 13 4 17-1l25-31c4-6 4-13-1-17z\"\/><\/svg><\/label><label><input aria-label=\"3\" type=\"radio\" name=\"kc_captcha\" value=\"bot\" \/><svg width=\"50\" height=\"50\" aria-hidden=\"true\" role=\"img\" xmlns=\"http:\/\/www.w3.org\/2000\/svg\" viewBox=\"0 0 640 512\"><path fill=\"currentColor\" d=\"M192 384h192c53 0 96-43 96-96h32a128 128 0 000-256H120c-13 0-24 11-24 24v232c0 53 43 96 96 96zM512 96a64 64 0 010 128h-32V96h32zm48 384H48c-47 0-61-64-36-64h584c25 0 11 64-36 64z\"\/><\/svg><\/label>\r\n    <\/span>\r\n    <span style=\"display:none\">\r\n        <input type=\"text\" name=\"kc_honeypot\">\r\n    <\/span><\/span><\/span>\n<\/p>\n<p><input class=\"wpcf7-form-control wpcf7-submit has-spinner\" type=\"submit\" value=\"Send Message\" \/>\n<\/p><p style=\"display: none !important;\" class=\"akismet-fields-container\" data-prefix=\"_wpcf7_ak_\"><label>&#916;<textarea name=\"_wpcf7_ak_hp_textarea\" cols=\"45\" rows=\"8\" maxlength=\"100\"><\/textarea><\/label><input type=\"hidden\" id=\"ak_js_1\" name=\"_wpcf7_ak_js\" value=\"56\"\/><script>document.getElementById( \"ak_js_1\" ).setAttribute( \"value\", ( new Date() ).getTime() );<\/script><\/p><div class=\"wpcf7-response-output\" aria-hidden=\"true\"><\/div>\n<\/form>\n<\/div>\n<\/div>\r\n\t\t<\/div>\r\n\t\t\t\t\t\t<\/div>\n\t\t\t\t<\/div>\n\t\t\t\t\t<\/div>\n\t\t<\/div>\n\t\t\t\t\t<\/div>\n\t\t<\/section>\n\t\t\t\t<\/div>\n\t\t","protected":false},"excerpt":{"rendered":"<p>FAQs Qu&rsquo;est-ce que la Cr\u00e8me Leish G1 ? La Cr\u00e8me Leish &#8230; <\/p>\n","protected":false},"author":1,"featured_media":0,"parent":0,"menu_order":0,"comment_status":"closed","ping_status":"closed","template":"","meta":{"footnotes":""},"class_list":["post-2083","page","type-page","status-publish","hentry"],"_links":{"self":[{"href":"https:\/\/leishg.com\/fr\/wp-json\/wp\/v2\/pages\/2083","targetHints":{"allow":["GET"]}}],"collection":[{"href":"https:\/\/leishg.com\/fr\/wp-json\/wp\/v2\/pages"}],"about":[{"href":"https:\/\/leishg.com\/fr\/wp-json\/wp\/v2\/types\/page"}],"author":[{"embeddable":true,"href":"https:\/\/leishg.com\/fr\/wp-json\/wp\/v2\/users\/1"}],"replies":[{"embeddable":true,"href":"https:\/\/leishg.com\/fr\/wp-json\/wp\/v2\/comments?post=2083"}],"version-history":[{"count":5,"href":"https:\/\/leishg.com\/fr\/wp-json\/wp\/v2\/pages\/2083\/revisions"}],"predecessor-version":[{"id":2096,"href":"https:\/\/leishg.com\/fr\/wp-json\/wp\/v2\/pages\/2083\/revisions\/2096"}],"wp:attachment":[{"href":"https:\/\/leishg.com\/fr\/wp-json\/wp\/v2\/media?parent=2083"}],"curies":[{"name":"wp","href":"https:\/\/api.w.org\/{rel}","templated":true}]}}